{"id":2008,"date":"2017-10-05T11:54:31","date_gmt":"2017-10-05T11:54:31","guid":{"rendered":"http:\/\/thepenalawfirm.com\/?page_id=2008"},"modified":"2023-01-31T18:35:02","modified_gmt":"2023-01-31T23:35:02","slug":"about","status":"publish","type":"page","link":"https:\/\/thepenalawfirm.com\/es\/about\/","title":{"rendered":"SOBRE NOSOTROS"},"content":{"rendered":"<div data-vc-full-width=\"true\" data-vc-full-width-init=\"false\" class=\"vc_row wpb_row vc_row-fluid vc_custom_1601424500695 vc_row-has-fill\"><div class=\"wpb_column vc_column_container vc_col-sm-12\"><div class=\"vc_column-inner\"><div class=\"wpb_wrapper\"><div class=\"vc_custom_1619046450541\">\r\n\t<div class=\"rt-about-one\">\r\n\t\t<div class=\"row\">\r\n\t\t\t\t\t\t\t\t<div class=\"col-lg-6 col-md-6 col-sm-6 col-xs-12\">\r\n\t\t\t\t<div class=\"rtin-about-image\">\r\n\t\t\t\t\t<a href=\"\"><img width=\"524\" height=\"800\" src=\"https:\/\/thepenalawfirm.com\/wp-content\/uploads\/2020\/11\/Nelson-About-Us-Vr3-e1605224636223.png\" class=\"attachment-full size-full\" alt=\"Nelson Pe\u00f1a, Personal Injury Attorney at The Pe\u00f1a Law Firm, Miami Lakes, FL\" loading=\"lazy\" \/><\/a>\r\n\t\t\t\t<\/div>\r\n\t\t\t<\/div>\r\n\t\t\t\t\t\t<div class=\"col-lg-6 col-md-6 col-sm-6 col-xs-12\">\r\n\t\t\t\t<div class=\"rtin-about-content\">\r\n\t\t\t\t<h1 style=\"color:#073b53; font-size:25px;\">Acerca De The Pe\u00f1a Law Firm<\/h1>\r\n\t\t\t\t\t<div class=\"rtin-about-text\"><span style=\"color: #000000;font-size: 14px;line-height: .875;font-weight: 600\"><strong>Fundada en 2000, The Pe\u00f1a Law Firm se enorgullece de ser una peque\u00f1a firma que proporciona con \u00e9xito asesoramiento legal individual a los clientes.<\/strong><\/span><\/p>\n<p>Como una peque\u00f1a empresa, limitamos nuestras cargas de casos para que nuestros abogados puedan dedicar atenci\u00f3n personal a cada cliente para maximizar su recuperaci\u00f3n monetaria. Esto permite a nuestros abogados proporcionar a los clientes la estrecha participaci\u00f3n necesaria para perseguir sus recursos legales y obtener la compensaci\u00f3n que merecen. Nuestra oficina trabaja en equipo cuando se trata de manejar su caso. Los hechos y problemas de su caso ser\u00e1n evaluados a trav\u00e9s de los ojos de m\u00e1s de un abogado y apoyados por varios asistentes legales para idear e implementar las mejores estrategias legales posibles para su caso.<\/p>\n<p><strong>Compensaci\u00f3n al Cliente<\/strong><\/p>\n<p>The Pe\u00f1a Law Firm representa a clientes en casos de lesiones corporales sobre la base de una tarifa de contingencia, lo que significa que nuestro pago depende de que usted gane. \u00a1No ganamos a menos que t\u00fa lo ganes! El porcentaje de la tarifa que tenemos derecho a recibir cuando se recupere lo establece la Corte Suprema de Florida. No deber\u00e1 honorarios ni costos a menos que obtengamos una recuperaci\u00f3n monetaria en su caso. Adem\u00e1s, no se pagar\u00e1 ning\u00fan dinero de su acuerdo de seguro o veredicto del jurado hasta que lo apruebe por escrito. Recibir\u00e1 nuestra consulta inicial de caso y an\u00e1lisis legal de forma gratuita, para que pueda tomar una decisi\u00f3n informada sobre su caso sin costo alguno.<\/p>\n<p><span style=\"color: #073b53\"><em><span style=\"font-size: 20px;line-height: 1.5;font-weight: 600\"><strong>\u00a1En The Pe\u00f1a Law Firm, Hablamos Su Idioma!<\/strong><\/span><\/em><\/span><\/div>\r\n\t\t\t\t\t\t\t\t\t<\/div>\r\n\t\t\t<\/div>\r\n\t\t\t\t<\/div>\r\n\t<\/div>\r\n<\/div><\/div><\/div><\/div><\/div><div class=\"vc_row-full-width vc_clearfix\"><\/div><div data-vc-full-width=\"true\" data-vc-full-width-init=\"false\" class=\"vc_row wpb_row vc_row-fluid vc_custom_1601424493115 vc_row-has-fill\"><div class=\"wpb_column vc_column_container vc_col-sm-12\"><div class=\"vc_column-inner vc_custom_1611618086119\"><div class=\"wpb_wrapper\"><div class=\"vc_custom_1601424580624\" style=\"text-align: center;\">\r\n\t<div class=\"rt-text-with-btn\">\r\n\t\t\t\t<div class=\"content-area\">\r\n\t\t\t\t\t<h3 style=\"color: #ffffff; font-size: 36px; font-weight:bold\">\u00bfQUIERES UNA CONSULTA GRATIS?<\/h3>\r\n\t\t\t\t\t\t\t<p style=\"color:#222222\"><\/p>\n<h4><span style=\"color: #ffffff\">Estamos disponibles por tel\u00e9fono 24\/7. \nO p\u00f3ngase en contacto con nosotros por internet haciendo clic a continuaci\u00f3n.<\/span><\/h4>\n<p><\/p>\r\n\t\t\t\t\t\t\t<a class=\"dark-button\" href=\"https:\/\/thepenalawfirm.com\/es\/contact\/\">HAGA UNA CITA<\/a>\r\n\t\t\t\t<\/div>\r\n\t<\/div>\r\n<\/div><\/div><\/div><\/div><\/div><div class=\"vc_row-full-width vc_clearfix\"><\/div><div class=\"vc_row wpb_row vc_row-fluid\"><div class=\"wpb_column vc_column_container vc_col-sm-12 vc_hidden-lg vc_hidden-md vc_hidden-sm vc_hidden-xs\"><div class=\"vc_column-inner\"><div class=\"wpb_wrapper\"><div class=\"vc_custom_1602951290892\">\n\t<div class=\"rt-vc-title-2 rtin-section-title-center\">\n\t\t\t\t\t<h2 class=\"rt-section-title-vc title32 mitle28\" style=\"font-size:36px; color:#073b53;\">EL EQUIPO PE\u00d1A<\/h2>\n\t\t\t\t\t<div class=\"rt-section-sub-title-vc\" style=\"width:60%; color:#444444;\">Con la ayuda de nuestro equipo calificado, su caso ser\u00e1 manejado de manera competente y efectiva para maximizar su recuperaci\u00f3n financiera lo antes posible!<\/div>\n\t\t\t<\/div>\n<\/div><\/div><\/div><\/div><\/div><div data-vc-full-width=\"true\" data-vc-full-width-init=\"false\" class=\"vc_row wpb_row vc_row-fluid vc_custom_1510313755487 vc_row-has-fill\"><div class=\"wpb_column vc_column_container vc_col-sm-12 vc_hidden-lg vc_hidden-md vc_hidden-sm vc_hidden-xs\"><div class=\"vc_column-inner\"><div class=\"wpb_wrapper\"><div class=\"rt-team-slider-five owl-wrap owl-wrap rt-owl-nav-2 slider-nav-enabled\">\r\n\t<div class=\"owl-theme owl-carousel rt-owl-carousel\" data-carousel-options=\"{&quot;nav&quot;:true,&quot;navText&quot;:[&quot;&lt;i class=&#039;fa fa-angle-left&#039;&gt;&lt;\\\/i&gt;&quot;,&quot;&lt;i class=&#039;fa fa-angle-right&#039;&gt;&lt;\\\/i&gt;&quot;],&quot;dots&quot;:false,&quot;autoplay&quot;:true,&quot;autoplayTimeout&quot;:&quot;5000&quot;,&quot;autoplaySpeed&quot;:&quot;200&quot;,&quot;autoplayHoverPause&quot;:true,&quot;loop&quot;:true,&quot;margin&quot;:0,&quot;responsive&quot;:{&quot;0&quot;:{&quot;items&quot;:1},&quot;480&quot;:{&quot;items&quot;:2},&quot;768&quot;:{&quot;items&quot;:2},&quot;992&quot;:{&quot;items&quot;:3},&quot;1200&quot;:{&quot;items&quot;:4}}}\">\r\n\t\t\t\t\t\t\t\t\t<div class=\"rtin-single-team\">\r\n\t\t\t\t<div class=\"rtin-team-picture\">\r\n\t\t\t\t\t<a href=\"https:\/\/thepenalawfirm.com\/es\/team\/nelson-pena-esq\/\"><img width=\"350\" height=\"450\" src=\"https:\/\/thepenalawfirm.com\/wp-content\/uploads\/2020\/09\/Nelson-Bio-Pic-350x450.jpg\" class=\"img-responsive wp-post-image\" alt=\"Nelson Pe\u00f1a, Esq. The Pe\u00f1a Law Firm\" loading=\"lazy\" \/><\/a>\r\n\t\t\t\t\t<div class=\"overlay\">\r\n\t\t\t\t\t<div class=\"overlay-content\">\r\n\t\t\t\t\t\t<h2><a href=\"https:\/\/thepenalawfirm.com\/es\/team\/nelson-pena-esq\/\">View Bio<\/a><\/h2>\r\n\t\t\t\t\t<\/div>\r\n\t\t\t\t\t<\/div>\r\n\t\t\t\t<\/div>\r\n\t\t\t\t<div class=\"rtin-team-content\">\r\n\t\t\t\t\t<h3><a href=\"https:\/\/thepenalawfirm.com\/es\/team\/nelson-pena-esq\/\">Nelson Pe\u00f1a, Esq.<\/a><\/h3>\r\n\t\t\t\t\t\t\t\t\t\t<p>Abogado de Lesiones Personales<\/p>\r\n\t\t\t\t\t\t\t\t\t<\/div>\r\n\t\t\t<\/div>\r\n\t\t\t\t\t\t\t\t\t<div class=\"rtin-single-team\">\r\n\t\t\t\t<div class=\"rtin-team-picture\">\r\n\t\t\t\t\t<a href=\"https:\/\/thepenalawfirm.com\/es\/team\/terri-pena\/\"><img width=\"350\" height=\"450\" src=\"https:\/\/thepenalawfirm.com\/wp-content\/uploads\/2020\/09\/Terri-Bio-Pic-350x450.jpg\" class=\"img-responsive wp-post-image\" alt=\"Terri Pe\u00f1a The Pe\u00f1a Law Firm\" loading=\"lazy\" \/><\/a>\r\n\t\t\t\t\t<div class=\"overlay\">\r\n\t\t\t\t\t<div class=\"overlay-content\">\r\n\t\t\t\t\t\t<h2><a href=\"https:\/\/thepenalawfirm.com\/es\/team\/terri-pena\/\">View Bio<\/a><\/h2>\r\n\t\t\t\t\t<\/div>\r\n\t\t\t\t\t<\/div>\r\n\t\t\t\t<\/div>\r\n\t\t\t\t<div class=\"rtin-team-content\">\r\n\t\t\t\t\t<h3><a href=\"https:\/\/thepenalawfirm.com\/es\/team\/terri-pena\/\">Terri Pe\u00f1a<\/a><\/h3>\r\n\t\t\t\t\t\t\t\t\t\t<p>Jefa de Operaciones, Supervisora \u200b\u200bde contabilidad, Jefa de Relaciones con el Cliente<\/p>\r\n\t\t\t\t\t\t\t\t\t<\/div>\r\n\t\t\t<\/div>\r\n\t\t\t\t\t\t\t\t<\/div>\r\n<\/div><\/div><\/div><\/div><\/div><div class=\"vc_row-full-width vc_clearfix\"><\/div>","protected":false},"excerpt":{"rendered":"Terri Pe\u00f1a is one of the founding members of The Pe\u00f1a Law Firm.\u00a0 From the beginning, she has dedicated herself to serving all of our clients\u2019 best interests.\u00a0 Throughout the years Terri has worked in every aspect of our practice.\u00a0 She credits her vast experience as one of the most valuable attributes that she uses [...]","protected":false},"author":1,"featured_media":0,"parent":0,"menu_order":0,"comment_status":"closed","ping_status":"closed","template":"","meta":{"_mi_skip_tracking":false,"_monsterinsights_sitenote_active":false,"_monsterinsights_sitenote_note":"","_monsterinsights_sitenote_category":0},"_links":{"self":[{"href":"https:\/\/thepenalawfirm.com\/es\/wp-json\/wp\/v2\/pages\/2008"}],"collection":[{"href":"https:\/\/thepenalawfirm.com\/es\/wp-json\/wp\/v2\/pages"}],"about":[{"href":"https:\/\/thepenalawfirm.com\/es\/wp-json\/wp\/v2\/types\/page"}],"author":[{"embeddable":true,"href":"https:\/\/thepenalawfirm.com\/es\/wp-json\/wp\/v2\/users\/1"}],"replies":[{"embeddable":true,"href":"https:\/\/thepenalawfirm.com\/es\/wp-json\/wp\/v2\/comments?post=2008"}],"version-history":[{"count":51,"href":"https:\/\/thepenalawfirm.com\/es\/wp-json\/wp\/v2\/pages\/2008\/revisions"}],"predecessor-version":[{"id":3828,"href":"https:\/\/thepenalawfirm.com\/es\/wp-json\/wp\/v2\/pages\/2008\/revisions\/3828"}],"wp:attachment":[{"href":"https:\/\/thepenalawfirm.com\/es\/wp-json\/wp\/v2\/media?parent=2008"}],"curies":[{"name":"wp","href":"https:\/\/api.w.org\/{rel}","templated":true}]}}