{"id":2943,"date":"2020-07-04T21:28:30","date_gmt":"2020-07-05T01:28:30","guid":{"rendered":"http:\/\/thepenalawfirm.com\/?page_id=2943"},"modified":"2020-10-17T11:50:15","modified_gmt":"2020-10-17T15:50:15","slug":"car-accident","status":"publish","type":"page","link":"https:\/\/thepenalawfirm.com\/es\/car-accident\/","title":{"rendered":"Accidente de Auto"},"content":{"rendered":"<h1 class=\"has-text-align-center\"><strong>Accidente de Auto<\/strong><\/h1>\n\n\n\n<figure class=\"wp-block-image alignfull size-full\"><img loading=\"lazy\" width=\"1920\" height=\"324\" src=\"http:\/\/thepenalawfirm.com\/wp-content\/uploads\/2020\/10\/BLUE-CAR-ACCIDENT-STRIP.png\" alt=\"Car Truck Motorcycle Accident The Pe\u00f1a Law Firm\" class=\"wp-image-3435\" srcset=\"https:\/\/thepenalawfirm.com\/wp-content\/uploads\/2020\/10\/BLUE-CAR-ACCIDENT-STRIP.png 1920w, https:\/\/thepenalawfirm.com\/wp-content\/uploads\/2020\/10\/BLUE-CAR-ACCIDENT-STRIP-300x51.png 300w, https:\/\/thepenalawfirm.com\/wp-content\/uploads\/2020\/10\/BLUE-CAR-ACCIDENT-STRIP-1024x173.png 1024w, https:\/\/thepenalawfirm.com\/wp-content\/uploads\/2020\/10\/BLUE-CAR-ACCIDENT-STRIP-768x130.png 768w, https:\/\/thepenalawfirm.com\/wp-content\/uploads\/2020\/10\/BLUE-CAR-ACCIDENT-STRIP-1536x259.png 1536w\" sizes=\"(max-width: 1920px) 100vw, 1920px\" \/><\/figure>\n\n\n\n<p>El tipo m\u00e1s com\u00fan de reclamo de lesiones personales es un accidente automovil\u00edstico, especialmente en el sur de la Florida. Nuestra oficina durante muchos a\u00f1os ha tenido un gran \u00e9xito en la representaci\u00f3n de clientes involucrados en accidentes automovil\u00edsticos. Desde colisiones frontales hasta accidentes de conducci\u00f3n ebrios, nuestro equipo ha utilizado su talento y experiencia para compensar a las v\u00edctimas por sus gastos y dificultades de lidiar con un accidente de autom\u00f3vil o motocicleta y el dolor y sufrimiento resultantes involucrados.<\/p>\n\n\n\n<p><br>No conf\u00ede en una compa\u00f1\u00eda de seguros para cuidar de sus mejores intereses. Su agenda es asegurarse de que usted est\u00e1 lo m\u00e1s desinformado posible y para ofrecerle la menor cantidad de compensaci\u00f3n. Cuanto menos dinero te pague una compa\u00f1\u00eda de seguros, m\u00e1s dinero se queda. Es nuestro negocio conseguirle la mayor cantidad de dinero para su caso, y haremos todo lo legalmente posible para que eso suceda.<\/p>\n\n\n\n<p>La compensaci\u00f3n que recibe var\u00eda seg\u00fan cada caso. Factores como la gravedad del accidente, la duraci\u00f3n del tratamiento, el grado de lesiones y el seguro disponible desempe\u00f1ar\u00e1n un papel en el valor de su reclamo. Tenga la seguridad de que The Pe\u00f1a Law Firm investigar\u00e1 todos los aspectos de su accidente utilizando investigadores experimentados y reconstruccionista experto en accidentes para determinar el mejor resultado posible para usted.<\/p>\n\n\n\n<h2 class=\"has-text-align-center translation-block\"><strong>Obtenga una consulta <span style=\"text-decoration: underline\"> GRATUITA<\/span><\/strong><\/h2>\n\n\n\n<div class=\"wpcf7 no-js\" id=\"wpcf7-f3106-o1\" lang=\"en-US\" dir=\"ltr\">\n<div class=\"screen-reader-response\"><p role=\"status\" aria-live=\"polite\" aria-atomic=\"true\"><\/p> <ul><\/ul><\/div>\n<form action=\"\/es\/wp-json\/wp\/v2\/pages\/2943#wpcf7-f3106-o1\" method=\"post\" class=\"wpcf7-form init\" aria-label=\"Contact form\" novalidate=\"novalidate\" data-status=\"init\" data-trp-original-action=\"\/es\/wp-json\/wp\/v2\/pages\/2943#wpcf7-f3106-o1\">\n<div style=\"display: none;\">\n<input type=\"hidden\" name=\"_wpcf7\" value=\"3106\" \/>\n<input type=\"hidden\" name=\"_wpcf7_version\" value=\"5.7.2\" \/>\n<input type=\"hidden\" name=\"_wpcf7_locale\" value=\"en_US\" \/>\n<input type=\"hidden\" name=\"_wpcf7_unit_tag\" value=\"wpcf7-f3106-o1\" \/>\n<input type=\"hidden\" name=\"_wpcf7_container_post\" value=\"0\" \/>\n<input type=\"hidden\" name=\"_wpcf7_posted_data_hash\" value=\"\" \/>\n<input type=\"hidden\" name=\"_wpcf7_recaptcha_response\" value=\"\" \/>\n<\/div>\n<div class=\"contact-form-area\">\n\t<h2>\n\t<\/h2>\n\t<div class=\"col-sm-12\">\n\t\t<div class=\"form-group\">\n\t\t\t<p><label>Nombre : <\/label><span class=\"wpcf7-form-control-wrap\" data-name=\"name-604\"><input size=\"40\" class=\"wpcf7-form-control wpcf7-text wpcf7-validates-as-required form-control\" aria-required=\"true\" aria-invalid=\"false\" value=\"\" type=\"text\" name=\"name-604\" \/><\/span>\n\t\t\t<\/p>\n\t\t<\/div>\n\t<\/div>\n\t<div class=\"col-sm-12\">\n\t\t<div class=\"form-group\">\n\t\t\t<p><label>E-mail : <\/label><br \/>\n<span class=\"wpcf7-form-control-wrap\" data-name=\"email-179\"><input size=\"40\" class=\"wpcf7-form-control wpcf7-text wpcf7-email wpcf7-validates-as-required wpcf7-validates-as-email form-control\" aria-required=\"true\" aria-invalid=\"false\" value=\"\" type=\"email\" name=\"email-179\" \/><\/span>\n\t\t\t<\/p>\n\t\t<\/div>\n\t<\/div>\n\t<div class=\"col-sm-12\">\n\t\t<div class=\"form-group\">\n\t\t\t<p><label>Tel\u00e9fono : <\/label><br \/>\n<span class=\"wpcf7-form-control-wrap\" data-name=\"tel-131\"><input size=\"40\" class=\"wpcf7-form-control wpcf7-text wpcf7-tel wpcf7-validates-as-required wpcf7-validates-as-tel form-control\" aria-required=\"true\" aria-invalid=\"false\" value=\"\" type=\"tel\" name=\"tel-131\" \/><\/span>\n\t\t\t<\/p>\n\t\t<\/div>\n\t<\/div>\n\t<div class=\"col-sm-12\">\n\t\t<div class=\"form-group\">\n\t\t\t<p><label>Pr\u00e1ctica De Ley* <\/label><br \/>\n<span class=\"wpcf7-form-control-wrap\" data-name=\"menu-697\"><select class=\"wpcf7-form-control wpcf7-select\" aria-invalid=\"false\" name=\"menu-697\"><option value=\"\">&#8212;Please choose an option&#8212;<\/option><option value=\"Car Accident\">Accidente de Auto<\/option><option value=\"Truck Accident\">Accidente de Cami\u00f3n<\/option><option value=\"Boating Accident\">Accidente de Barco<\/option><option value=\"Slip &amp; Fall\">Resbal\u00f3n y Ca\u00edda<\/option><option value=\"Wrongful Death\">Muerte Injusta<\/option><option value=\"Negligence\">NEGLIGENCIA<\/option><option value=\"Storm Claim\">Reclamo de Tormenta<\/option><\/select><\/span>\n\t\t\t<\/p>\n\t\t<\/div>\n\t<\/div>\n\t<div class=\"col-sm-12\">\n\t\t<div class=\"form-group\">\n\t\t\t<p><label>Mensaje: <\/label><br \/>\n<span class=\"wpcf7-form-control-wrap\" data-name=\"textarea-346\"><textarea cols=\"40\" rows=\"10\" class=\"wpcf7-form-control wpcf7-textarea wpcf7-validates-as-required form-control\" aria-required=\"true\" aria-invalid=\"false\" name=\"textarea-346\"><\/textarea><\/span>\n\t\t\t<\/p>\n\t\t<\/div>\n\t<\/div>\n\t<div class=\"col-sm-12\">\n\t\t<div class=\"form-group\">\n\t\t\t<p><input class=\"wpcf7-form-control has-spinner wpcf7-submit btn-send submit-button\" type=\"submit\" value=\"ENVIAR\" \/>\n\t\t\t<\/p>\n\t\t<\/div>\n\t<\/div>\n<\/div><p style=\"display: none !important;\"><label>&#916;<textarea name=\"_wpcf7_ak_hp_textarea\" cols=\"45\" rows=\"8\" maxlength=\"100\"><\/textarea><\/label><input type=\"hidden\" id=\"ak_js_1\" name=\"_wpcf7_ak_js\" value=\"30\"\/><script>document.getElementById( \"ak_js_1\" ).setAttribute( \"value\", ( new Date() ).getTime() );<\/script><\/p><div class=\"wpcf7-response-output\" aria-hidden=\"true\"><\/div><input type=\"hidden\" name=\"trp-form-language\" value=\"es\"\/><\/form><\/div>","protected":false},"excerpt":{"rendered":"<p>Car Accident The most common type of Personal Injury Claim is a car crash, especially in South Florida. Our office for many years has had great success in representing clients involved in motor vehicle accidents. From head-on collisions to drunk driving accidents, our team has utilized their talents and experience to compensate victims for their [&hellip;]<\/p>","protected":false},"author":1,"featured_media":0,"parent":0,"menu_order":0,"comment_status":"closed","ping_status":"closed","template":"","meta":{"_mi_skip_tracking":false,"_monsterinsights_sitenote_active":false,"_monsterinsights_sitenote_note":"","_monsterinsights_sitenote_category":0},"_links":{"self":[{"href":"https:\/\/thepenalawfirm.com\/es\/wp-json\/wp\/v2\/pages\/2943"}],"collection":[{"href":"https:\/\/thepenalawfirm.com\/es\/wp-json\/wp\/v2\/pages"}],"about":[{"href":"https:\/\/thepenalawfirm.com\/es\/wp-json\/wp\/v2\/types\/page"}],"author":[{"embeddable":true,"href":"https:\/\/thepenalawfirm.com\/es\/wp-json\/wp\/v2\/users\/1"}],"replies":[{"embeddable":true,"href":"https:\/\/thepenalawfirm.com\/es\/wp-json\/wp\/v2\/comments?post=2943"}],"version-history":[{"count":16,"href":"https:\/\/thepenalawfirm.com\/es\/wp-json\/wp\/v2\/pages\/2943\/revisions"}],"predecessor-version":[{"id":3787,"href":"https:\/\/thepenalawfirm.com\/es\/wp-json\/wp\/v2\/pages\/2943\/revisions\/3787"}],"wp:attachment":[{"href":"https:\/\/thepenalawfirm.com\/es\/wp-json\/wp\/v2\/media?parent=2943"}],"curies":[{"name":"wp","href":"https:\/\/api.w.org\/{rel}","templated":true}]}}