{"id":2952,"date":"2020-07-04T21:38:05","date_gmt":"2020-07-05T01:38:05","guid":{"rendered":"http:\/\/thepenalawfirm.com\/?page_id=2952"},"modified":"2020-10-17T11:44:02","modified_gmt":"2020-10-17T15:44:02","slug":"slip-fall","status":"publish","type":"page","link":"https:\/\/thepenalawfirm.com\/es\/slip-fall\/","title":{"rendered":"Resbal\u00f3n y Ca\u00edda"},"content":{"rendered":"<h1 class=\"has-text-align-center\"><strong>Resbal\u00f3n y Ca\u00edda<\/strong><\/h1>\n\n\n\n<figure class=\"wp-block-image alignfull size-full\"><img loading=\"lazy\" width=\"1920\" height=\"324\" src=\"http:\/\/thepenalawfirm.com\/wp-content\/uploads\/2020\/10\/BLUE-SLIP-FALL-STRIP.png\" alt=\"Slip and Fall The Pe\u00f1a Law Firm Miami\" class=\"wp-image-3439\" srcset=\"https:\/\/thepenalawfirm.com\/wp-content\/uploads\/2020\/10\/BLUE-SLIP-FALL-STRIP.png 1920w, https:\/\/thepenalawfirm.com\/wp-content\/uploads\/2020\/10\/BLUE-SLIP-FALL-STRIP-300x51.png 300w, https:\/\/thepenalawfirm.com\/wp-content\/uploads\/2020\/10\/BLUE-SLIP-FALL-STRIP-1024x173.png 1024w, https:\/\/thepenalawfirm.com\/wp-content\/uploads\/2020\/10\/BLUE-SLIP-FALL-STRIP-768x130.png 768w, https:\/\/thepenalawfirm.com\/wp-content\/uploads\/2020\/10\/BLUE-SLIP-FALL-STRIP-1536x259.png 1536w\" sizes=\"(max-width: 1920px) 100vw, 1920px\" \/><\/figure>\n\n\n\n<p>Un accidente de resbal\u00f3n y ca\u00edda implica que una persona resbale o tropieza y luego cae sobre la propiedad de otra en circunstancias donde el propietario o gerente de la propiedad sab\u00eda o deber\u00eda haber sabido de las condiciones peligrosas y no hizo nada para evitarlo o advertir contra ella. Estos accidentes ocurren com\u00fanmente, pero no se limitan a tiendas, restaurantes, estacionamientos, estadios, edificios, casas privadas o cualquier otro lugar donde se espera que las personas entren o se presenten.<\/p>\n\n\n\n<p>Los propietarios y gerentes deben un deber legal de cuidado en su propiedad para protegerse y advertir de condiciones peligrosas o inseguras. Las condiciones comunes peligrosas o inseguras pueden incluir pisos mojados o resbaladizos, iluminaci\u00f3n deficiente, alfombras rotas, pasarelas y escaleras agrietadas o desiguales, y cualquier otra condici\u00f3n que crea un riesgo irrazonable de caerse y lastimarse en la propiedad de otra persona.<\/p>\n\n\n\n<p>Si usted cae en la propiedad de otro, incluso en una casa privada, usted puede tener derecho a una compensaci\u00f3n por sus lesiones. Sin embargo, es importante ponerse en contacto con un abogado con experiencia en The Pe\u00f1a Law Firm r\u00e1pidamente para preservar todas las pruebas involucradas y para obtener una revisi\u00f3n exhaustiva de sus hechos particulares con el fin de determinar las fortalezas y debilidades de su caso. Recuerde, la evidencia debe ser preservada y los testigos necesitan ser identificados. Re\u00fana toda la informaci\u00f3n razonablemente posible e llame inmediatamente a The Pe\u00f1a Law Firm y lucharemos por usted.<\/p>\n\n\n\n<h1 class=\"has-text-align-center translation-block\"><strong>Obtenga una consulta <span style=\"text-decoration: underline\"> GRATUITA<\/span><\/strong><\/h1>\n\n\n\n<div class=\"wpcf7 no-js\" id=\"wpcf7-f3106-o1\" lang=\"en-US\" dir=\"ltr\">\n<div class=\"screen-reader-response\"><p role=\"status\" aria-live=\"polite\" aria-atomic=\"true\"><\/p> <ul><\/ul><\/div>\n<form action=\"\/es\/wp-json\/wp\/v2\/pages\/2952#wpcf7-f3106-o1\" method=\"post\" class=\"wpcf7-form init\" aria-label=\"Contact form\" novalidate=\"novalidate\" data-status=\"init\" data-trp-original-action=\"\/es\/wp-json\/wp\/v2\/pages\/2952#wpcf7-f3106-o1\">\n<div style=\"display: none;\">\n<input type=\"hidden\" name=\"_wpcf7\" value=\"3106\" \/>\n<input type=\"hidden\" name=\"_wpcf7_version\" value=\"5.7.2\" \/>\n<input type=\"hidden\" name=\"_wpcf7_locale\" value=\"en_US\" \/>\n<input type=\"hidden\" name=\"_wpcf7_unit_tag\" value=\"wpcf7-f3106-o1\" \/>\n<input type=\"hidden\" name=\"_wpcf7_container_post\" value=\"0\" \/>\n<input type=\"hidden\" name=\"_wpcf7_posted_data_hash\" value=\"\" \/>\n<input type=\"hidden\" name=\"_wpcf7_recaptcha_response\" value=\"\" \/>\n<\/div>\n<div class=\"contact-form-area\">\n\t<h2>\n\t<\/h2>\n\t<div class=\"col-sm-12\">\n\t\t<div class=\"form-group\">\n\t\t\t<p><label>Nombre : <\/label><span class=\"wpcf7-form-control-wrap\" data-name=\"name-604\"><input size=\"40\" class=\"wpcf7-form-control wpcf7-text wpcf7-validates-as-required form-control\" aria-required=\"true\" aria-invalid=\"false\" value=\"\" type=\"text\" name=\"name-604\" \/><\/span>\n\t\t\t<\/p>\n\t\t<\/div>\n\t<\/div>\n\t<div class=\"col-sm-12\">\n\t\t<div class=\"form-group\">\n\t\t\t<p><label>E-mail : <\/label><br \/>\n<span class=\"wpcf7-form-control-wrap\" data-name=\"email-179\"><input size=\"40\" class=\"wpcf7-form-control wpcf7-text wpcf7-email wpcf7-validates-as-required wpcf7-validates-as-email form-control\" aria-required=\"true\" aria-invalid=\"false\" value=\"\" type=\"email\" name=\"email-179\" \/><\/span>\n\t\t\t<\/p>\n\t\t<\/div>\n\t<\/div>\n\t<div class=\"col-sm-12\">\n\t\t<div class=\"form-group\">\n\t\t\t<p><label>Tel\u00e9fono : <\/label><br \/>\n<span class=\"wpcf7-form-control-wrap\" data-name=\"tel-131\"><input size=\"40\" class=\"wpcf7-form-control wpcf7-text wpcf7-tel wpcf7-validates-as-required wpcf7-validates-as-tel form-control\" aria-required=\"true\" aria-invalid=\"false\" value=\"\" type=\"tel\" name=\"tel-131\" \/><\/span>\n\t\t\t<\/p>\n\t\t<\/div>\n\t<\/div>\n\t<div class=\"col-sm-12\">\n\t\t<div class=\"form-group\">\n\t\t\t<p><label>Pr\u00e1ctica De Ley* <\/label><br \/>\n<span class=\"wpcf7-form-control-wrap\" data-name=\"menu-697\"><select class=\"wpcf7-form-control wpcf7-select\" aria-invalid=\"false\" name=\"menu-697\"><option value=\"\">&#8212;Please choose an option&#8212;<\/option><option value=\"Car Accident\">Accidente de Auto<\/option><option value=\"Truck Accident\">Accidente de Cami\u00f3n<\/option><option value=\"Boating Accident\">Accidente de Barco<\/option><option value=\"Slip &amp; Fall\">Resbal\u00f3n y Ca\u00edda<\/option><option value=\"Wrongful Death\">Muerte Injusta<\/option><option value=\"Negligence\">NEGLIGENCIA<\/option><option value=\"Storm Claim\">Reclamo de Tormenta<\/option><\/select><\/span>\n\t\t\t<\/p>\n\t\t<\/div>\n\t<\/div>\n\t<div class=\"col-sm-12\">\n\t\t<div class=\"form-group\">\n\t\t\t<p><label>Mensaje: <\/label><br \/>\n<span class=\"wpcf7-form-control-wrap\" data-name=\"textarea-346\"><textarea cols=\"40\" rows=\"10\" class=\"wpcf7-form-control wpcf7-textarea wpcf7-validates-as-required form-control\" aria-required=\"true\" aria-invalid=\"false\" name=\"textarea-346\"><\/textarea><\/span>\n\t\t\t<\/p>\n\t\t<\/div>\n\t<\/div>\n\t<div class=\"col-sm-12\">\n\t\t<div class=\"form-group\">\n\t\t\t<p><input class=\"wpcf7-form-control has-spinner wpcf7-submit btn-send submit-button\" type=\"submit\" value=\"ENVIAR\" \/>\n\t\t\t<\/p>\n\t\t<\/div>\n\t<\/div>\n<\/div><p style=\"display: none !important;\"><label>&#916;<textarea name=\"_wpcf7_ak_hp_textarea\" cols=\"45\" rows=\"8\" maxlength=\"100\"><\/textarea><\/label><input type=\"hidden\" id=\"ak_js_1\" name=\"_wpcf7_ak_js\" value=\"191\"\/><script>document.getElementById( \"ak_js_1\" ).setAttribute( \"value\", ( new Date() ).getTime() );<\/script><\/p><div class=\"wpcf7-response-output\" aria-hidden=\"true\"><\/div><input type=\"hidden\" name=\"trp-form-language\" value=\"es\"\/><\/form><\/div>","protected":false},"excerpt":{"rendered":"<p>Slip &amp; Fall A slip and fall accident involves a person slipping or tripping and then falling on the property of another under circumstances where the property owner or manager either knew or should have known of the dangerous condition(s) and did nothing to prevent it or warn against it. These accidents commonly occur, but [&hellip;]<\/p>","protected":false},"author":1,"featured_media":0,"parent":0,"menu_order":0,"comment_status":"closed","ping_status":"closed","template":"","meta":{"_mi_skip_tracking":false,"_monsterinsights_sitenote_active":false,"_monsterinsights_sitenote_note":"","_monsterinsights_sitenote_category":0},"_links":{"self":[{"href":"https:\/\/thepenalawfirm.com\/es\/wp-json\/wp\/v2\/pages\/2952"}],"collection":[{"href":"https:\/\/thepenalawfirm.com\/es\/wp-json\/wp\/v2\/pages"}],"about":[{"href":"https:\/\/thepenalawfirm.com\/es\/wp-json\/wp\/v2\/types\/page"}],"author":[{"embeddable":true,"href":"https:\/\/thepenalawfirm.com\/es\/wp-json\/wp\/v2\/users\/1"}],"replies":[{"embeddable":true,"href":"https:\/\/thepenalawfirm.com\/es\/wp-json\/wp\/v2\/comments?post=2952"}],"version-history":[{"count":7,"href":"https:\/\/thepenalawfirm.com\/es\/wp-json\/wp\/v2\/pages\/2952\/revisions"}],"predecessor-version":[{"id":3460,"href":"https:\/\/thepenalawfirm.com\/es\/wp-json\/wp\/v2\/pages\/2952\/revisions\/3460"}],"wp:attachment":[{"href":"https:\/\/thepenalawfirm.com\/es\/wp-json\/wp\/v2\/media?parent=2952"}],"curies":[{"name":"wp","href":"https:\/\/api.w.org\/{rel}","templated":true}]}}