{"id":2955,"date":"2020-07-04T21:43:23","date_gmt":"2020-07-05T01:43:23","guid":{"rendered":"http:\/\/thepenalawfirm.com\/?page_id=2955"},"modified":"2020-10-17T11:47:01","modified_gmt":"2020-10-17T15:47:01","slug":"wrongful-death","status":"publish","type":"page","link":"https:\/\/thepenalawfirm.com\/es\/wrongful-death\/","title":{"rendered":"Muerte Injusta"},"content":{"rendered":"<div class=\"vc_row wpb_row vc_row-fluid\"><div class=\"wpb_column vc_column_container vc_col-sm-12\"><div class=\"vc_column-inner\"><div class=\"wpb_wrapper\">\n\t<div class=\"wpb_text_column wpb_content_element\" >\n\t\t<div class=\"wpb_wrapper\">\n\t\t\t<h1 class=\"has-text-align-center\"><strong>Muerte Injusta<\/strong><\/h1>\n<p>\u00a0<\/p>\n<figure class=\"wp-block-image alignfull size-full\"><img loading=\"lazy\" class=\"alignnone wp-image-3441 size-full\" src=\"http:\/\/thepenalawfirm.com\/wp-content\/uploads\/2020\/10\/BLUE-WRONGFUL-STRIP.png\" alt=\"Wrongful Death The Pe\u00f1a Law Firm Miami\" width=\"1920\" height=\"324\" srcset=\"https:\/\/thepenalawfirm.com\/wp-content\/uploads\/2020\/10\/BLUE-WRONGFUL-STRIP.png 1920w, https:\/\/thepenalawfirm.com\/wp-content\/uploads\/2020\/10\/BLUE-WRONGFUL-STRIP-300x51.png 300w, https:\/\/thepenalawfirm.com\/wp-content\/uploads\/2020\/10\/BLUE-WRONGFUL-STRIP-1024x173.png 1024w, https:\/\/thepenalawfirm.com\/wp-content\/uploads\/2020\/10\/BLUE-WRONGFUL-STRIP-768x130.png 768w, https:\/\/thepenalawfirm.com\/wp-content\/uploads\/2020\/10\/BLUE-WRONGFUL-STRIP-1536x259.png 1536w\" sizes=\"(max-width: 1920px) 100vw, 1920px\" \/><\/figure>\n<p>El tipo m\u00e1s dif\u00edcil de reclamo de lesiones personales es un caso de muerte injusta. Perder a alguien cercano a ti es como ning\u00fan otro dolor que t\u00fa y tu familia puedan imaginar. Si bien el dinero es lo \u00faltimo con lo que alguien quiere lidiar cuando pierde a un ser querido, es importante asegurarse de que el futuro financiero de su familia est\u00e9 protegido de los gastos m\u00e9dicos y la p\u00e9rdida de ingresos que ahora enfrentar\u00e1 por el resto de su vida. Nuestra oficina entiende esta p\u00e9rdida y respetar\u00e1 su necesidad de llorar. Sin embargo, una vez que est\u00e9 listo para ejercer la justicia, le ayudaremos a recuperar una compensaci\u00f3n justa en nombre de su familia de las partes responsables.<\/p>\n<p>Una muerte injusta puede ocurrir de muchas maneras, por lo que su caso ser\u00e1 diferente de los dem\u00e1s. Cuando se produce una muerte prematura debido a la negligencia o malfuncionamiento de otra persona o empresa, The Pe\u00f1a Law Firm estar\u00e1 all\u00ed para ayudarle en cada paso del proceso. A lo largo de los a\u00f1os, hemos ayudado a muchas familias a buscar justicia por su p\u00e9rdida y a obtener una recuperaci\u00f3n financiera para su futuro. Entendemos su dolor y traeremos todos nuestros recursos (m\u00e9dicos, investigadores experimentados, reconstruccionistas de accidentes y cualquier otro experto necesario) para luchar por la verdad en nombre de su familia.<\/p>\n<p>No se pone m\u00e1s serio que perder a alguien que amas. Queremos luchar por usted y ayudar en el momento de necesidad de su familia.<\/p>\n<p><strong><span style=\"text-decoration: underline;\">Tenga en cuenta que en Florida hay un Estatuto de Limitaciones que le impedir\u00e1 recuperarse financieramente si no toma medidas legales dentro de los dos a\u00f1os de la muerte.<\/span><\/strong><\/p>\n<p>\u00a0<\/p>\n<h2 class=\"has-text-align-center translation-block\"><strong>Obtenga una consulta <span style=\"text-decoration: underline\"> GRATUITA<\/span><\/strong><\/h2>\n<div class=\"wpcf7 no-js\" id=\"wpcf7-f3106-o1\" lang=\"en-US\" dir=\"ltr\">\n<div class=\"screen-reader-response\"><p role=\"status\" aria-live=\"polite\" aria-atomic=\"true\"><\/p> <ul><\/ul><\/div>\n<form action=\"\/es\/wp-json\/wp\/v2\/pages\/2955#wpcf7-f3106-o1\" method=\"post\" class=\"wpcf7-form init\" aria-label=\"Contact form\" novalidate=\"novalidate\" data-status=\"init\" data-trp-original-action=\"\/es\/wp-json\/wp\/v2\/pages\/2955#wpcf7-f3106-o1\">\n<div style=\"display: none;\">\n<input type=\"hidden\" name=\"_wpcf7\" value=\"3106\" \/>\n<input type=\"hidden\" name=\"_wpcf7_version\" value=\"5.7.2\" \/>\n<input type=\"hidden\" name=\"_wpcf7_locale\" value=\"en_US\" \/>\n<input type=\"hidden\" name=\"_wpcf7_unit_tag\" value=\"wpcf7-f3106-o1\" \/>\n<input type=\"hidden\" name=\"_wpcf7_container_post\" value=\"0\" \/>\n<input type=\"hidden\" name=\"_wpcf7_posted_data_hash\" value=\"\" \/>\n<input type=\"hidden\" name=\"_wpcf7_recaptcha_response\" value=\"\" \/>\n<\/div>\n<div class=\"contact-form-area\">\n\t<h2>\n\t<\/h2>\n\t<div class=\"col-sm-12\">\n\t\t<div class=\"form-group\">\n\t\t\t<p><label>Nombre : <\/label><span class=\"wpcf7-form-control-wrap\" data-name=\"name-604\"><input size=\"40\" class=\"wpcf7-form-control wpcf7-text wpcf7-validates-as-required form-control\" aria-required=\"true\" aria-invalid=\"false\" value=\"\" type=\"text\" name=\"name-604\" \/><\/span>\n\t\t\t<\/p>\n\t\t<\/div>\n\t<\/div>\n\t<div class=\"col-sm-12\">\n\t\t<div class=\"form-group\">\n\t\t\t<p><label>E-mail : <\/label><br \/>\n<span class=\"wpcf7-form-control-wrap\" data-name=\"email-179\"><input size=\"40\" class=\"wpcf7-form-control wpcf7-text wpcf7-email wpcf7-validates-as-required wpcf7-validates-as-email form-control\" aria-required=\"true\" aria-invalid=\"false\" value=\"\" type=\"email\" name=\"email-179\" \/><\/span>\n\t\t\t<\/p>\n\t\t<\/div>\n\t<\/div>\n\t<div class=\"col-sm-12\">\n\t\t<div class=\"form-group\">\n\t\t\t<p><label>Tel\u00e9fono : <\/label><br \/>\n<span class=\"wpcf7-form-control-wrap\" data-name=\"tel-131\"><input size=\"40\" class=\"wpcf7-form-control wpcf7-text wpcf7-tel wpcf7-validates-as-required wpcf7-validates-as-tel form-control\" aria-required=\"true\" aria-invalid=\"false\" value=\"\" type=\"tel\" name=\"tel-131\" \/><\/span>\n\t\t\t<\/p>\n\t\t<\/div>\n\t<\/div>\n\t<div class=\"col-sm-12\">\n\t\t<div class=\"form-group\">\n\t\t\t<p><label>Pr\u00e1ctica De Ley* <\/label><br \/>\n<span class=\"wpcf7-form-control-wrap\" data-name=\"menu-697\"><select class=\"wpcf7-form-control wpcf7-select\" aria-invalid=\"false\" name=\"menu-697\"><option value=\"\">&#8212;Please choose an option&#8212;<\/option><option value=\"Car Accident\">Accidente de Auto<\/option><option value=\"Truck Accident\">Accidente de Cami\u00f3n<\/option><option value=\"Boating Accident\">Accidente de Barco<\/option><option value=\"Slip &amp; Fall\">Resbal\u00f3n y Ca\u00edda<\/option><option value=\"Wrongful Death\">Muerte Injusta<\/option><option value=\"Negligence\">NEGLIGENCIA<\/option><option value=\"Storm Claim\">Reclamo de Tormenta<\/option><\/select><\/span>\n\t\t\t<\/p>\n\t\t<\/div>\n\t<\/div>\n\t<div class=\"col-sm-12\">\n\t\t<div class=\"form-group\">\n\t\t\t<p><label>Mensaje: <\/label><br \/>\n<span class=\"wpcf7-form-control-wrap\" data-name=\"textarea-346\"><textarea cols=\"40\" rows=\"10\" class=\"wpcf7-form-control wpcf7-textarea wpcf7-validates-as-required form-control\" aria-required=\"true\" aria-invalid=\"false\" name=\"textarea-346\"><\/textarea><\/span>\n\t\t\t<\/p>\n\t\t<\/div>\n\t<\/div>\n\t<div class=\"col-sm-12\">\n\t\t<div class=\"form-group\">\n\t\t\t<p><input class=\"wpcf7-form-control has-spinner wpcf7-submit btn-send submit-button\" type=\"submit\" value=\"ENVIAR\" \/>\n\t\t\t<\/p>\n\t\t<\/div>\n\t<\/div>\n<\/div><p style=\"display: none !important;\"><label>&#916;<textarea name=\"_wpcf7_ak_hp_textarea\" cols=\"45\" rows=\"8\" maxlength=\"100\"><\/textarea><\/label><input type=\"hidden\" id=\"ak_js_1\" name=\"_wpcf7_ak_js\" value=\"221\"\/><script>document.getElementById( \"ak_js_1\" ).setAttribute( \"value\", ( new Date() ).getTime() );<\/script><\/p><div class=\"wpcf7-response-output\" aria-hidden=\"true\"><\/div><input type=\"hidden\" name=\"trp-form-language\" value=\"es\"\/><\/form><\/div>\n<p>\u00a0<\/p>\n\n\t\t<\/div>\n\t<\/div>\n<\/div><\/div><\/div><\/div>","protected":false},"excerpt":{"rendered":"Wrongful Death \u00a0 The most difficult type of personal injury claim is a wrongful death case. Losing someone close to you is like no other pain that you and your family can imagine. While money is the last thing someone wants to deal with when they lose a loved one, it is important to make [...]","protected":false},"author":1,"featured_media":0,"parent":0,"menu_order":0,"comment_status":"closed","ping_status":"closed","template":"","meta":{"_mi_skip_tracking":false,"_monsterinsights_sitenote_active":false,"_monsterinsights_sitenote_note":"","_monsterinsights_sitenote_category":0},"_links":{"self":[{"href":"https:\/\/thepenalawfirm.com\/es\/wp-json\/wp\/v2\/pages\/2955"}],"collection":[{"href":"https:\/\/thepenalawfirm.com\/es\/wp-json\/wp\/v2\/pages"}],"about":[{"href":"https:\/\/thepenalawfirm.com\/es\/wp-json\/wp\/v2\/types\/page"}],"author":[{"embeddable":true,"href":"https:\/\/thepenalawfirm.com\/es\/wp-json\/wp\/v2\/users\/1"}],"replies":[{"embeddable":true,"href":"https:\/\/thepenalawfirm.com\/es\/wp-json\/wp\/v2\/comments?post=2955"}],"version-history":[{"count":13,"href":"https:\/\/thepenalawfirm.com\/es\/wp-json\/wp\/v2\/pages\/2955\/revisions"}],"predecessor-version":[{"id":3271,"href":"https:\/\/thepenalawfirm.com\/es\/wp-json\/wp\/v2\/pages\/2955\/revisions\/3271"}],"wp:attachment":[{"href":"https:\/\/thepenalawfirm.com\/es\/wp-json\/wp\/v2\/media?parent=2955"}],"curies":[{"name":"wp","href":"https:\/\/api.w.org\/{rel}","templated":true}]}}