{"id":2962,"date":"2020-07-04T21:45:37","date_gmt":"2020-07-05T01:45:37","guid":{"rendered":"http:\/\/thepenalawfirm.com\/?page_id=2962"},"modified":"2020-10-17T11:42:47","modified_gmt":"2020-10-17T15:42:47","slug":"negligent","status":"publish","type":"page","link":"https:\/\/thepenalawfirm.com\/es\/negligent\/","title":{"rendered":"NEGLIGENCIA"},"content":{"rendered":"<h1 class=\"has-text-align-center\"><strong>Demandas de Seguridad Negligente<\/strong><\/h1>\n\n\n\n<figure class=\"wp-block-image alignfull size-full\"><img loading=\"lazy\" width=\"1920\" height=\"324\" src=\"http:\/\/thepenalawfirm.com\/wp-content\/uploads\/2020\/10\/BLUE-NEGLICENCE-STRIP.png\" alt=\"Negligent Security Lawsuit The Pe\u00f1a Law Firm Miami\" class=\"wp-image-3437\" srcset=\"https:\/\/thepenalawfirm.com\/wp-content\/uploads\/2020\/10\/BLUE-NEGLICENCE-STRIP.png 1920w, https:\/\/thepenalawfirm.com\/wp-content\/uploads\/2020\/10\/BLUE-NEGLICENCE-STRIP-300x51.png 300w, https:\/\/thepenalawfirm.com\/wp-content\/uploads\/2020\/10\/BLUE-NEGLICENCE-STRIP-1024x173.png 1024w, https:\/\/thepenalawfirm.com\/wp-content\/uploads\/2020\/10\/BLUE-NEGLICENCE-STRIP-768x130.png 768w, https:\/\/thepenalawfirm.com\/wp-content\/uploads\/2020\/10\/BLUE-NEGLICENCE-STRIP-1536x259.png 1536w\" sizes=\"(max-width: 1920px) 100vw, 1920px\" \/><\/figure>\n\n\n\n<p>Si usted ha sido v\u00edctima de un delito violento y sufri\u00f3 lesiones graves, es posible que podamos obtener da\u00f1os monetarios para usted del criminal o de un propietario de la propiedad que no tom\u00f3 las medidas de seguridad adecuadas para prevenir el delito cometido en su contra. Las medidas apropiadas para asegurar sus instalaciones deben ser tomadas por los propietarios que saben o deben saber que hay una seguridad inadecuada en su propiedad. Al no proteger a los inquilinos, clientes o hu\u00e9spedes de los peligros de la seguridad inadecuada, los propietarios pueden ser responsables de los da\u00f1os y lesiones causados a las v\u00edctimas de asesinato, asalto, agresi\u00f3n, violaci\u00f3n, tiroteos, apu\u00f1alamientos, acecho y otros cr\u00edmenes violentos.<\/p>\n\n\n\n<p>Estos delitos tienden a ocurrir en \u00e1reas como complejos de apartamentos, hoteles, bares, clubes, estacionamientos, teatros, centros comerciales, centros comerciales y restaurantes. Los propietarios pueden ser responsables civilmente por no proporcionar medidas de seguridad razonables, y nuestra oficina puede ayudarle a luchar por la compensaci\u00f3n financiera como v\u00edctima de estos delitos.<\/p>\n\n\n\n<p>Tenemos la experiencia y los recursos para asumir las compa\u00f1\u00edas de seguros y sus abogados. Este tipo de casos son costosos de llevar porque requieren testimonios de expertos de profesionales de seguridad para establecer que el hecho de no proporcionar la seguridad adecuada hizo que usted fuera v\u00edctima y herido. Esta carga legal se hace m\u00e1s dif\u00edcil debido a la naturaleza inherente de este tipo de casos relacionados con delitos cometidos por individuos que por lo general no tienen nada que ver con el propietario de la propiedad y su compa\u00f1\u00eda de seguros. Sin embargo, a trav\u00e9s de a\u00f1os de experiencia, hemos desarrollado estrategias y t\u00e9cnicas legales ganadoras para tratar los m\u00faltiples temas de casos de seguridad negligentes. \u00a1En The Pe\u00f1a Law Firm, estamos listos para luchar por ti!<\/p>\n\n\n\n<h2 class=\"has-text-align-center translation-block\"><strong>Obtenga una consulta <span style=\"text-decoration: underline\"> GRATUITA<\/span><\/strong><\/h2>\n\n\n\n<div class=\"wpcf7 no-js\" id=\"wpcf7-f3106-o1\" lang=\"en-US\" dir=\"ltr\">\n<div class=\"screen-reader-response\"><p role=\"status\" aria-live=\"polite\" aria-atomic=\"true\"><\/p> <ul><\/ul><\/div>\n<form action=\"\/es\/wp-json\/wp\/v2\/pages\/2962#wpcf7-f3106-o1\" method=\"post\" class=\"wpcf7-form init\" aria-label=\"Contact form\" novalidate=\"novalidate\" data-status=\"init\" data-trp-original-action=\"\/es\/wp-json\/wp\/v2\/pages\/2962#wpcf7-f3106-o1\">\n<div style=\"display: none;\">\n<input type=\"hidden\" name=\"_wpcf7\" value=\"3106\" \/>\n<input type=\"hidden\" name=\"_wpcf7_version\" value=\"5.7.2\" \/>\n<input type=\"hidden\" name=\"_wpcf7_locale\" value=\"en_US\" \/>\n<input type=\"hidden\" name=\"_wpcf7_unit_tag\" value=\"wpcf7-f3106-o1\" \/>\n<input type=\"hidden\" name=\"_wpcf7_container_post\" value=\"0\" \/>\n<input type=\"hidden\" name=\"_wpcf7_posted_data_hash\" value=\"\" \/>\n<input type=\"hidden\" name=\"_wpcf7_recaptcha_response\" value=\"\" \/>\n<\/div>\n<div class=\"contact-form-area\">\n\t<h2>\n\t<\/h2>\n\t<div class=\"col-sm-12\">\n\t\t<div class=\"form-group\">\n\t\t\t<p><label>Nombre : <\/label><span class=\"wpcf7-form-control-wrap\" data-name=\"name-604\"><input size=\"40\" class=\"wpcf7-form-control wpcf7-text wpcf7-validates-as-required form-control\" aria-required=\"true\" aria-invalid=\"false\" value=\"\" type=\"text\" name=\"name-604\" \/><\/span>\n\t\t\t<\/p>\n\t\t<\/div>\n\t<\/div>\n\t<div class=\"col-sm-12\">\n\t\t<div class=\"form-group\">\n\t\t\t<p><label>E-mail : <\/label><br \/>\n<span class=\"wpcf7-form-control-wrap\" data-name=\"email-179\"><input size=\"40\" class=\"wpcf7-form-control wpcf7-text wpcf7-email wpcf7-validates-as-required wpcf7-validates-as-email form-control\" aria-required=\"true\" aria-invalid=\"false\" value=\"\" type=\"email\" name=\"email-179\" \/><\/span>\n\t\t\t<\/p>\n\t\t<\/div>\n\t<\/div>\n\t<div class=\"col-sm-12\">\n\t\t<div class=\"form-group\">\n\t\t\t<p><label>Tel\u00e9fono : <\/label><br \/>\n<span class=\"wpcf7-form-control-wrap\" data-name=\"tel-131\"><input size=\"40\" class=\"wpcf7-form-control wpcf7-text wpcf7-tel wpcf7-validates-as-required wpcf7-validates-as-tel form-control\" aria-required=\"true\" aria-invalid=\"false\" value=\"\" type=\"tel\" name=\"tel-131\" \/><\/span>\n\t\t\t<\/p>\n\t\t<\/div>\n\t<\/div>\n\t<div class=\"col-sm-12\">\n\t\t<div class=\"form-group\">\n\t\t\t<p><label>Pr\u00e1ctica De Ley* <\/label><br \/>\n<span class=\"wpcf7-form-control-wrap\" data-name=\"menu-697\"><select class=\"wpcf7-form-control wpcf7-select\" aria-invalid=\"false\" name=\"menu-697\"><option value=\"\">&#8212;Please choose an option&#8212;<\/option><option value=\"Car Accident\">Accidente de Auto<\/option><option value=\"Truck Accident\">Accidente de Cami\u00f3n<\/option><option value=\"Boating Accident\">Accidente de Barco<\/option><option value=\"Slip &amp; Fall\">Resbal\u00f3n y Ca\u00edda<\/option><option value=\"Wrongful Death\">Muerte Injusta<\/option><option value=\"Negligence\">NEGLIGENCIA<\/option><option value=\"Storm Claim\">Reclamo de Tormenta<\/option><\/select><\/span>\n\t\t\t<\/p>\n\t\t<\/div>\n\t<\/div>\n\t<div class=\"col-sm-12\">\n\t\t<div class=\"form-group\">\n\t\t\t<p><label>Mensaje: <\/label><br \/>\n<span class=\"wpcf7-form-control-wrap\" data-name=\"textarea-346\"><textarea cols=\"40\" rows=\"10\" class=\"wpcf7-form-control wpcf7-textarea wpcf7-validates-as-required form-control\" aria-required=\"true\" aria-invalid=\"false\" name=\"textarea-346\"><\/textarea><\/span>\n\t\t\t<\/p>\n\t\t<\/div>\n\t<\/div>\n\t<div class=\"col-sm-12\">\n\t\t<div class=\"form-group\">\n\t\t\t<p><input class=\"wpcf7-form-control has-spinner wpcf7-submit btn-send submit-button\" type=\"submit\" value=\"ENVIAR\" \/>\n\t\t\t<\/p>\n\t\t<\/div>\n\t<\/div>\n<\/div><p style=\"display: none !important;\"><label>&#916;<textarea name=\"_wpcf7_ak_hp_textarea\" cols=\"45\" rows=\"8\" maxlength=\"100\"><\/textarea><\/label><input type=\"hidden\" id=\"ak_js_1\" name=\"_wpcf7_ak_js\" value=\"195\"\/><script>document.getElementById( \"ak_js_1\" ).setAttribute( \"value\", ( new Date() ).getTime() );<\/script><\/p><div class=\"wpcf7-response-output\" aria-hidden=\"true\"><\/div><input type=\"hidden\" name=\"trp-form-language\" value=\"es\"\/><\/form><\/div>","protected":false},"excerpt":{"rendered":"<p>Negligent Security Lawsuits If you have been a victim of a violent crime and suffered serious injuries, we may be able to obtain money damages for you from the criminal or a property owner that did not take adequate security measures to prevent the offense committed against you. Appropriate action to secure their premises must [&hellip;]<\/p>","protected":false},"author":1,"featured_media":0,"parent":0,"menu_order":0,"comment_status":"closed","ping_status":"closed","template":"","meta":{"_mi_skip_tracking":false,"_monsterinsights_sitenote_active":false,"_monsterinsights_sitenote_note":"","_monsterinsights_sitenote_category":0},"_links":{"self":[{"href":"https:\/\/thepenalawfirm.com\/es\/wp-json\/wp\/v2\/pages\/2962"}],"collection":[{"href":"https:\/\/thepenalawfirm.com\/es\/wp-json\/wp\/v2\/pages"}],"about":[{"href":"https:\/\/thepenalawfirm.com\/es\/wp-json\/wp\/v2\/types\/page"}],"author":[{"embeddable":true,"href":"https:\/\/thepenalawfirm.com\/es\/wp-json\/wp\/v2\/users\/1"}],"replies":[{"embeddable":true,"href":"https:\/\/thepenalawfirm.com\/es\/wp-json\/wp\/v2\/comments?post=2962"}],"version-history":[{"count":14,"href":"https:\/\/thepenalawfirm.com\/es\/wp-json\/wp\/v2\/pages\/2962\/revisions"}],"predecessor-version":[{"id":3459,"href":"https:\/\/thepenalawfirm.com\/es\/wp-json\/wp\/v2\/pages\/2962\/revisions\/3459"}],"wp:attachment":[{"href":"https:\/\/thepenalawfirm.com\/es\/wp-json\/wp\/v2\/media?parent=2962"}],"curies":[{"name":"wp","href":"https:\/\/api.w.org\/{rel}","templated":true}]}}