{"id":3177,"date":"2020-07-08T19:47:44","date_gmt":"2020-07-08T23:47:44","guid":{"rendered":"http:\/\/thepenalawfirm.com\/?page_id=3177"},"modified":"2023-11-20T19:20:05","modified_gmt":"2023-11-21T00:20:05","slug":"testimonials","status":"publish","type":"page","link":"https:\/\/thepenalawfirm.com\/es\/testimonials\/","title":{"rendered":"Testimonios"},"content":{"rendered":"<div class=\"vc_row wpb_row vc_row-fluid\"><div class=\"wpb_column vc_column_container vc_col-sm-12\"><div class=\"vc_column-inner\"><div class=\"wpb_wrapper\"><h1 style=\"font-size: 60px;color: #073b53;text-align: center\" class=\"vc_custom_heading\" >Testimonios<\/h1>\n\t<div class=\"wpb_text_column wpb_content_element\" >\n\t\t<div class=\"wpb_wrapper\">\n\t\t\t<p style=\"text-align: center;\">See what our clients are saying about us. Get in contact with us today for a <span style=\"text-decoration: underline;\">Oconsulta<\/span> consultation.<\/p>\n\n\t\t<\/div>\n\t<\/div>\n<\/div><\/div><\/div><\/div><div class=\"vc_row wpb_row vc_row-fluid\"><div class=\"wpb_column vc_column_container vc_col-sm-12\"><div class=\"vc_column-inner vc_custom_1594254268981\"><div class=\"wpb_wrapper\"><div class=\"vc_separator wpb_content_element vc_separator_align_center vc_sep_width_100 vc_sep_border_width_2 vc_sep_pos_align_center vc_separator_no_text\" ><span class=\"vc_sep_holder vc_sep_holder_l\"><span  class=\"vc_sep_line\"><\/span><\/span><span class=\"vc_sep_holder vc_sep_holder_r\"><span  class=\"vc_sep_line\"><\/span><\/span>\n<\/div><\/div><\/div><\/div><\/div><section class=\"vc_section\"><div class=\"vc_row wpb_row vc_row-fluid\"><div class=\"wpb_column vc_column_container vc_col-sm-6\"><div class=\"vc_column-inner\"><div class=\"wpb_wrapper\">\n\t<div class=\"wpb_text_column wpb_content_element\" >\n\t\t<div class=\"wpb_wrapper\">\n\t\t\t<h3 style=\"text-align: left;\"><strong>Carmelys B.<\/strong><\/h3>\n<p style=\"font-weight: 400; text-align: left;\">Siempre nos sentimos bien atendidos por todo el personal de Pe\u00f1a Law Firm. Desde el inicio de la representaci\u00f3n, hubo un plan detallado y efectivo para nuestro caso. Siempre nos sentimos en control y bien representados por Nelson Pe\u00f1a, \u00a1y al final prevalecimos a lo grande! Un gran agradecimiento a Pe\u00f1a Law Firm.<\/p>\n<p>&nbsp;<\/p>\n<p>&nbsp;<\/p>\n<h3 style=\"font-weight: 400; text-align: left;\"><strong>Hemel M.<\/strong><\/h3>\n<p style=\"font-weight: 400; text-align: left;\">Siempre que he necesitado a Nelson Pe\u00f1a, \u00e9l ha estado ah\u00ed para ayudarme. Me hace sentir c\u00f3modo durante todo el proceso legal de principio a fin. Nelson siempre antepone mis mejores intereses.<\/p>\n<p>&nbsp;<\/p>\n<p>&nbsp;<\/p>\n<h3 style=\"font-weight: 400; text-align: left;\"><strong>Jerry Z.<\/strong><\/h3>\n<p style=\"text-align: left;\">Pe\u00f1a Law Firm estuvo ah\u00ed para ayudarme cuando m\u00e1s los necesitaba. El abogado principal, Nelson Pe\u00f1a, se encarg\u00f3 de cada obst\u00e1culo que enfrentamos en el litigio. Su experiencia en juicios y su aguda intuici\u00f3n siempre fueron acertadas. Estoy muy contento de haber elegido The Pe\u00f1a Law Firm sobre todas las otras firmas calificadas que tuve para elegir.<\/p>\n<p>&nbsp;<\/p>\n<p>&nbsp;<\/p>\n<h3 style=\"text-align: left;\"><strong>Joe C.<\/strong><\/h3>\n<p style=\"font-weight: 400; text-align: left;\">Pe\u00f1a Law Firm es un grupo eficaz de profesionales que luchan por sus clientes de lesiones personales en cada paso del camino. Ya sea que se trate de una compa\u00f1\u00eda de seguros o de un litigio en un tribunal estatal o federal, ellos se asegurar\u00e1n de hacer sus mejores esfuerzos en su nombre. Y si los necesita fuera del horario de atenci\u00f3n o los fines de semana, un operador en vivo contesta su tel\u00e9fono las 24 horas, los 7 d\u00edas de la semana. Nelson Pe\u00f1a es mi abogado sin reservas.<\/p>\n<p>&nbsp;<\/p>\n<p>&nbsp;<\/p>\n<h3 style=\"font-weight: 400; text-align: left;\"><strong>T. Paulino\u00a0<\/strong><\/h3>\n<p style=\"font-weight: 400; text-align: left;\">Lo m\u00e1s importante por lo que se esfuerza Pe\u00f1a Law Firm es tratarlo como a una familia. Si pudiera darles 100 estrellas, lo har\u00eda. Hicieron un trabajo tan incre\u00edble la primera vez que me lesion\u00e9 en un accidente que regres\u00e9 la segunda vez sin dudarlo. Recomiendo encarecidamente a Pe\u00f1a Law Firm para representar a cualquiera que busque un abogado especializado en lesiones. Puedo dar fe del excelente trabajo del Sr. Pe\u00f1a y del maravilloso personal que lo ayuda a lograr resultados sorprendentes.<\/p>\n<p>&nbsp;<\/p>\n<p>&nbsp;<\/p>\n<h3 style=\"font-weight: 400; text-align: left;\"><strong>Ardavon M.<\/strong><\/h3>\n<p style=\"font-weight: 400; text-align: left;\">Con el amplio conocimiento y la experiencia que Nelson y su equipo aportan, nunca tendr\u00e1 que adivinar, ya que siempre hacen un esfuerzo adicional para garantizar que sus clientes reciban el mejor servicio.<\/p>\n<p>&nbsp;<\/p>\n<p>&nbsp;<\/p>\n<h3 style=\"font-weight: 400; text-align: left;\"><strong>Evan J.<\/strong><\/h3>\n<p style=\"font-weight: 400; text-align: left;\">El Bufete de Abogados Pe\u00f1a sali\u00f3 airoso de mi caso de lesiones corporales. Los recomiendo encarecidamente si ha resultado lesionado por culpa de otra persona.<\/p>\n<p>&nbsp;<\/p>\n<p>&nbsp;<\/p>\n<h3 style=\"font-weight: 400; text-align: left;\"><strong>Miguel G.<\/strong><\/h3>\n<p style=\"text-align: left;\">Los abogados del acusado quer\u00edan pagarme s\u00f3lo 37.000 d\u00f3lares porque, en mi caso, se acercaba la fecha del juicio. Sin embargo, la Ley Pe\u00f1a me convenci\u00f3 de permitirle a Nelson Pe\u00f1a presentar una moci\u00f3n que expone al acusado a honorarios y costos sustanciales de abogados. Este movimiento result\u00f3 en que la oferta para llegar a un acuerdo subiera a $100,000 (para m\u00ed, $63,000 adicionales en fondos de acuerdo). Cuando Pe\u00f1a Law Firm toma medidas, las compa\u00f1\u00edas de seguros y sus abogados escuchan. \u00a1Gracias Nelson!<\/p>\n<p>&nbsp;<\/p>\n<p>&nbsp;<\/p>\n<h3 style=\"text-align: left;\"><strong>Jonathan D.<\/strong><\/h3>\n<p style=\"font-weight: 400; text-align: left;\">\u00a1El mejor abogado de la ciudad! Me gui\u00f3 durante todo el proceso despu\u00e9s de mi accidente. Realmente lo dicen en serio cuando dicen servicio personalizado. Trat\u00e9 con el Sr. Pe\u00f1a de principio a fin.<\/p>\n<p>&nbsp;<\/p>\n<p>&nbsp;<\/p>\n<h3 style=\"font-weight: 400; text-align: left;\"><strong>Rachel F.\u00a0<\/strong><\/h3>\n<p style=\"font-weight: 400; text-align: left;\">Nelson de Pe\u00f1a Law Firm estuvo ah\u00ed para m\u00ed y mi familia cuando perd\u00ed a mi esposo debido a negligencia m\u00e9dica. Durante el momento m\u00e1s dif\u00edcil de mi vida, Nelson me gui\u00f3 a trav\u00e9s del laberinto m\u00e9dico y legal que es parte de la p\u00e9rdida de un ser querido con tierno cuidado y precisi\u00f3n experta, y entonces supe que no estaba solo. Siempre recordar\u00e9 que Pe\u00f1a Law Firm nos ayud\u00f3 a m\u00ed y a mis hijos cuando m\u00e1s lo necesit\u00e1bamos.<\/p>\n<p>&nbsp;<\/p>\n<p>&nbsp;<\/p>\n<h3 style=\"font-weight: 400; text-align: left;\"><strong>Silvia S.<\/strong><\/h3>\n<p style=\"font-weight: 400; text-align: left;\">I\u2019ve known of attorney, Nelson Pe\u00f1a, from The Pe\u00f1a Law Firm since the early 90\u2019s.\u00a0 Even back from the start, and it\u2019s still certainly true today, Nelson Pe\u00f1a\u2019s passion for zealously advocating for his clients has been the engine that drives The Pe\u00f1a Law Firm to the top of its profession.\u00a0 Once you become a client, Nelson with his 33 years of litigation experience will creatively craft a winning strategy for your case.<\/p>\n<p>&nbsp;<\/p>\n<p>&nbsp;<\/p>\n<h3 style=\"text-align: left;\"><strong>L.W.<\/strong><\/h3>\n<p style=\"text-align: left;\">I\u2019ve already started spreading the word of what a fantastic lawyer you are.\u00a0 My daughter, sister and two of my best friends are already saying that they are going to recommend you to others.<\/p>\n\n\t\t<\/div>\n\t<\/div>\n<\/div><\/div><\/div><div class=\"wpb_column vc_column_container vc_col-sm-6\"><div class=\"vc_column-inner\"><div class=\"wpb_wrapper\">\n\t<div class=\"wpb_text_column wpb_content_element\" >\n\t\t<div class=\"wpb_wrapper\">\n\t\t\t<h3 style=\"font-weight: 400;\"><strong>Erick L.<\/strong><\/h3>\n<p style=\"font-weight: 400;\">Despu\u00e9s de convertirme en cliente de Pe\u00f1a Law Firm, pronto aprend\u00ed del valor y la diferencia que Nelson Pe\u00f1a y su personal tienen sobre muchos otros bufetes de abogados. En primer lugar, la experiencia en litigios de Nelson de m\u00e1s de 30 a\u00f1os y sus estrategias de juicio nos mantuvieron siempre tres pasos por delante del abogado contrario y, en \u00faltima instancia, me llevaron a la victoria en mi caso. Nelson es un caballo de batalla que es proactivo en su estilo de litigio. Esto le permiti\u00f3 anticipar los diferentes movimientos que har\u00eda nuestro oponente. Nelson aprovech\u00f3 cada oportunidad, lo que marc\u00f3 una gran diferencia en los excelentes resultados que obtuve. Adem\u00e1s, a diferencia de muchos otros abogados en Pe\u00f1a Law Firm, Nelson y el personal se esfuerzan por devolver sus llamadas de manera oportuna, asegurando que est\u00e9 bien informado del estado de su caso a lo largo de la vida \u00fatil de la representaci\u00f3n. Gracias, Pe\u00f1a Law Firm. Me devolviste mi tranquilidad y mi forma de vida.<\/p>\n<p>&nbsp;<\/p>\n<h3 style=\"font-weight: 400;\"><strong>Marilyn D.<\/strong><\/h3>\n<p style=\"font-weight: 400;\">Quiero agradecer a Nelson Pe\u00f1a y a todo el personal de The Pe\u00f1a Law Firm por tratarme todo el tiempo que me representaron en mi caso de lesiones personales. No solo lucharon por mi mayor recuperaci\u00f3n, sino que me mantuvieron informado todo el tiempo que me representaron. Recomiendo encarecidamente a The Pe\u00f1a Law Firm para nuestro caso de lesiones personales.<\/p>\n<p>&nbsp;<\/p>\n<p>&nbsp;<\/p>\n<h3 style=\"font-weight: 400;\"><strong>Ricky P.<\/strong><\/h3>\n<p style=\"font-weight: 400;\">The Pe\u00f1a Law Firm super\u00f3 todas mis expectativas. De principio a fin, fueron profesionales, conocedores y siempre disponibles para responder cualquier pregunta o inquietud que tuviera. Me impresion\u00f3 particularmente el nivel de atenci\u00f3n y cuidado que le dieron a mi caso, as\u00ed como su capacidad para lograr un resultado positivo. Recomiendo encarecidamente The Pe\u00f1a Law Firm a cualquier persona que necesite representaci\u00f3n legal.<\/p>\n<p>&nbsp;<\/p>\n<p>&nbsp;<\/p>\n<h3 style=\"font-weight: 400;\"><strong>Lynnette W.<\/strong><\/h3>\n<p>El abogado Nelson Pe\u00f1a ha sido excelente manejando por caso (una ca\u00edda en un negocio) cuando estaba en una situaci\u00f3n muy estresante. El abogado Pe\u00f1a y su personal son muy compasivos y se preocupan por asegurarse de que den seguimiento a todos los aspectos de las necesidades de sus clientes. \u00c9l y su equipo se comunican constantemente conmigo entre semana y los fines de semana para asegurarse de que se sigan todas las v\u00edas para obtener el mejor resultado de mi caso. Como persona mayor, se asegur\u00f3 de que no me aprovecharan las ofertas r\u00e1pidas. El abogado Pe\u00f1a encontr\u00f3 recursos que mejoraron el resultado de mi caso. El abogado Pe\u00f1a negociar\u00e1 un acuerdo implacablemente asegur\u00e1ndose de que sea para el mejor inter\u00e9s de su cliente. Estoy extremadamente agradecido y recomiendo encarecidamente a otros que se comuniquen con el abogado Nelson Pe\u00f1a.<\/p>\n<p>&nbsp;<\/p>\n<p>&nbsp;<\/p>\n<h3 style=\"font-weight: 400;\"><strong>Nicole M.<\/strong><\/h3>\n<p style=\"font-weight: 400;\">\u00a1Estoy tan feliz de haber sido remitido a la oficina de Nelson Pe\u00f1a! Su personal fue maravilloso y pudieron ayudarme con mi caso, que funcion\u00f3 perfectamente. Gracias Nelson y personal!!!<\/p>\n<p>&nbsp;<\/p>\n<p>&nbsp;<\/p>\n<h3 style=\"font-weight: 400;\"><strong>Nestor C.<\/strong><\/h3>\n<p>Quiero agradecer al The Pe\u00f1a Law Firm por ayudarme con mi caso. Usted manej\u00f3 mi caso para que no tuviera nada de qu\u00e9 preocuparme. Usted hizo que fuera f\u00e1cil tener \u00e9xito en el litigio. Estoy en deuda contigo y siempre recordar\u00e9 c\u00f3mo llegaste a m\u00ed.<\/p>\n<p>&nbsp;<\/p>\n<p>&nbsp;<\/p>\n<h3><strong>Chichowski<\/strong><\/h3>\n<p style=\"font-weight: 400;\">El Bufete de Abogados Pe\u00f1a me ha ayudado varias veces durante las \u00faltimas dos d\u00e9cadas. Independientemente de los desaf\u00edos que plantea cada situaci\u00f3n legal, Nelson y el equipo de Pe\u00f1a Law Firm se han encargado del problema.<\/p>\n<p>&nbsp;<\/p>\n<p>&nbsp;<\/p>\n<h3 style=\"font-weight: 400;\"><strong>Jorge C.<\/strong><\/h3>\n<p>Nelson, nunca te rendiste y tu energ\u00eda incansable me ayud\u00f3. Nunca olvidar\u00e9 a Pe\u00f1a Law Firm y lo recomendar\u00e9 a todos aquellos que necesiten un campe\u00f3n que luche por ellos.<\/p>\n<p>&nbsp;<\/p>\n<p>&nbsp;<\/p>\n<h3 style=\"font-weight: 400;\"><strong>Ily R.<\/strong><\/h3>\n<p>En el mundo de los abogados de lesiones personales, The Pe\u00f1a Law Firm es un hallazgo raro. Estoy muy agradecido de que hayan trabajado duro para que mi caso se manejara de manera eficiente. Fue receptivo y amable en un momento tan estresante de mi vida. El bufete de abogados Pe\u00f1a se comunica, luchan por usted en su caso de lesiones personales. Los recomiendo encarecidamente.<\/p>\n<p>&nbsp;<\/p>\n<p>&nbsp;<\/p>\n<h3 style=\"font-weight: 400; text-align: left;\"><strong>Juan D.<\/strong><\/h3>\n<p style=\"font-weight: 400; text-align: left;\">Quiero agradecer a Pe\u00f1a Law Firm por estar siempre ah\u00ed para m\u00ed y mi familia cada vez que los hemos necesitado. Pe\u00f1a Law Firm lo cuidar\u00e1 con ese cuidado y atenci\u00f3n extra que marca una gran diferencia.<\/p>\n<p>&nbsp;<\/p>\n<p>&nbsp;<\/p>\n<h3 style=\"font-weight: 400; text-align: left;\"><strong>Pedro P.<\/strong><\/h3>\n<p style=\"text-align: left;\" class=\" translation-block\">El Bufete de Abogados Pe\u00f1a ha luchado por m\u00ed varias veces a lo largo de los a\u00f1os. La \u00faltima vez, se trat\u00f3 de un accidente de cami\u00f3n muy grave con lesiones personales catastr\u00f3ficas.<br>\nNelson Pe\u00f1a hizo que la compa\u00f1\u00eda de seguros pagara lo que merec\u00eda y algo m\u00e1s. Estuvo all\u00ed cuando ning\u00fan otro abogado quer\u00eda mi caso. Fue mi campe\u00f3n una vez m\u00e1s. Luch\u00f3 por m\u00ed cuando todos los dem\u00e1s me dieron la espalda. Siempre estar\u00e9 agradecido de haber tenido a The Pe\u00f1a Law Firm a mi lado cuando m\u00e1s los necesit\u00e9.<\/p>\n\n\t\t<\/div>\n\t<\/div>\n<\/div><\/div><\/div><\/div><\/section><div class=\"vc_row wpb_row vc_row-fluid\"><div class=\"wpb_column vc_column_container vc_col-sm-12\"><div class=\"vc_column-inner vc_custom_1594254365481\"><div class=\"wpb_wrapper\"><div class=\"vc_separator wpb_content_element vc_separator_align_center vc_sep_width_100 vc_sep_border_width_2 vc_sep_pos_align_center vc_separator_no_text\" ><span class=\"vc_sep_holder vc_sep_holder_l\"><span  class=\"vc_sep_line\"><\/span><\/span><span class=\"vc_sep_holder vc_sep_holder_r\"><span  class=\"vc_sep_line\"><\/span><\/span>\n<\/div><\/div><\/div><\/div><\/div><div class=\"vc_row wpb_row vc_row-fluid\"><div class=\"wpb_column vc_column_container vc_col-sm-12\"><div class=\"vc_column-inner\"><div class=\"wpb_wrapper\"><div class=\"wpcf7 no-js\" id=\"wpcf7-f3106-o1\" lang=\"en-US\" dir=\"ltr\">\n<div class=\"screen-reader-response\"><p role=\"status\" aria-live=\"polite\" aria-atomic=\"true\"><\/p> <ul><\/ul><\/div>\n<form action=\"\/es\/wp-json\/wp\/v2\/pages\/3177#wpcf7-f3106-o1\" method=\"post\" class=\"wpcf7-form init\" aria-label=\"Contact form\" novalidate=\"novalidate\" data-status=\"init\" data-trp-original-action=\"\/es\/wp-json\/wp\/v2\/pages\/3177#wpcf7-f3106-o1\">\n<div style=\"display: none;\">\n<input type=\"hidden\" name=\"_wpcf7\" value=\"3106\" \/>\n<input type=\"hidden\" name=\"_wpcf7_version\" value=\"5.7.2\" \/>\n<input type=\"hidden\" name=\"_wpcf7_locale\" value=\"en_US\" \/>\n<input type=\"hidden\" name=\"_wpcf7_unit_tag\" value=\"wpcf7-f3106-o1\" \/>\n<input type=\"hidden\" name=\"_wpcf7_container_post\" value=\"0\" \/>\n<input type=\"hidden\" name=\"_wpcf7_posted_data_hash\" value=\"\" \/>\n<input type=\"hidden\" name=\"_wpcf7_recaptcha_response\" value=\"\" \/>\n<\/div>\n<div class=\"contact-form-area\">\n\t<h2>\n\t<\/h2>\n\t<div class=\"col-sm-12\">\n\t\t<div class=\"form-group\">\n\t\t\t<p><label>Nombre : <\/label><span class=\"wpcf7-form-control-wrap\" data-name=\"name-604\"><input size=\"40\" class=\"wpcf7-form-control wpcf7-text wpcf7-validates-as-required form-control\" aria-required=\"true\" aria-invalid=\"false\" value=\"\" type=\"text\" name=\"name-604\" \/><\/span>\n\t\t\t<\/p>\n\t\t<\/div>\n\t<\/div>\n\t<div class=\"col-sm-12\">\n\t\t<div class=\"form-group\">\n\t\t\t<p><label>E-mail : <\/label><br \/>\n<span class=\"wpcf7-form-control-wrap\" data-name=\"email-179\"><input size=\"40\" class=\"wpcf7-form-control wpcf7-text wpcf7-email wpcf7-validates-as-required wpcf7-validates-as-email form-control\" aria-required=\"true\" aria-invalid=\"false\" value=\"\" type=\"email\" name=\"email-179\" \/><\/span>\n\t\t\t<\/p>\n\t\t<\/div>\n\t<\/div>\n\t<div class=\"col-sm-12\">\n\t\t<div class=\"form-group\">\n\t\t\t<p><label>Tel\u00e9fono : <\/label><br \/>\n<span class=\"wpcf7-form-control-wrap\" data-name=\"tel-131\"><input size=\"40\" class=\"wpcf7-form-control wpcf7-text wpcf7-tel wpcf7-validates-as-required wpcf7-validates-as-tel form-control\" aria-required=\"true\" aria-invalid=\"false\" value=\"\" type=\"tel\" name=\"tel-131\" \/><\/span>\n\t\t\t<\/p>\n\t\t<\/div>\n\t<\/div>\n\t<div class=\"col-sm-12\">\n\t\t<div class=\"form-group\">\n\t\t\t<p><label>Pr\u00e1ctica De Ley* <\/label><br \/>\n<span class=\"wpcf7-form-control-wrap\" data-name=\"menu-697\"><select class=\"wpcf7-form-control wpcf7-select\" aria-invalid=\"false\" name=\"menu-697\"><option value=\"\">&#8212;Please choose an option&#8212;<\/option><option value=\"Car Accident\">Accidente de Auto<\/option><option value=\"Truck Accident\">Accidente de Cami\u00f3n<\/option><option value=\"Boating Accident\">Accidente de Barco<\/option><option value=\"Slip &amp; Fall\">Resbal\u00f3n y Ca\u00edda<\/option><option value=\"Wrongful Death\">Muerte Injusta<\/option><option value=\"Negligence\">NEGLIGENCIA<\/option><option value=\"Storm Claim\">Reclamo de Tormenta<\/option><\/select><\/span>\n\t\t\t<\/p>\n\t\t<\/div>\n\t<\/div>\n\t<div class=\"col-sm-12\">\n\t\t<div class=\"form-group\">\n\t\t\t<p><label>Mensaje: <\/label><br \/>\n<span class=\"wpcf7-form-control-wrap\" data-name=\"textarea-346\"><textarea cols=\"40\" rows=\"10\" class=\"wpcf7-form-control wpcf7-textarea wpcf7-validates-as-required form-control\" aria-required=\"true\" aria-invalid=\"false\" name=\"textarea-346\"><\/textarea><\/span>\n\t\t\t<\/p>\n\t\t<\/div>\n\t<\/div>\n\t<div class=\"col-sm-12\">\n\t\t<div class=\"form-group\">\n\t\t\t<p><input class=\"wpcf7-form-control has-spinner wpcf7-submit btn-send submit-button\" type=\"submit\" value=\"ENVIAR\" \/>\n\t\t\t<\/p>\n\t\t<\/div>\n\t<\/div>\n<\/div><p style=\"display: none !important;\"><label>&#916;<textarea name=\"_wpcf7_ak_hp_textarea\" cols=\"45\" rows=\"8\" maxlength=\"100\"><\/textarea><\/label><input type=\"hidden\" id=\"ak_js_1\" name=\"_wpcf7_ak_js\" value=\"107\"\/><script>document.getElementById( \"ak_js_1\" ).setAttribute( \"value\", ( new Date() ).getTime() );<\/script><\/p><div class=\"wpcf7-response-output\" aria-hidden=\"true\"><\/div><input type=\"hidden\" name=\"trp-form-language\" value=\"es\"\/><\/form><\/div><\/div><\/div><\/div><\/div>","protected":false},"excerpt":{"rendered":"Testimonials See what our clients are saying about us. Get in contact with us today for a FREE consultation. Carmelys B. We always felt well taken care of by all the Pe\u00f1a Law Firm's staff.\u00a0 From the beginning of the representation, there was a detailed and effective plan for our case. \u00a0We always felt in [...]","protected":false},"author":1,"featured_media":0,"parent":0,"menu_order":0,"comment_status":"closed","ping_status":"closed","template":"","meta":{"_mi_skip_tracking":false,"_monsterinsights_sitenote_active":false,"_monsterinsights_sitenote_note":"","_monsterinsights_sitenote_category":0},"_links":{"self":[{"href":"https:\/\/thepenalawfirm.com\/es\/wp-json\/wp\/v2\/pages\/3177"}],"collection":[{"href":"https:\/\/thepenalawfirm.com\/es\/wp-json\/wp\/v2\/pages"}],"about":[{"href":"https:\/\/thepenalawfirm.com\/es\/wp-json\/wp\/v2\/types\/page"}],"author":[{"embeddable":true,"href":"https:\/\/thepenalawfirm.com\/es\/wp-json\/wp\/v2\/users\/1"}],"replies":[{"embeddable":true,"href":"https:\/\/thepenalawfirm.com\/es\/wp-json\/wp\/v2\/comments?post=3177"}],"version-history":[{"count":16,"href":"https:\/\/thepenalawfirm.com\/es\/wp-json\/wp\/v2\/pages\/3177\/revisions"}],"predecessor-version":[{"id":3867,"href":"https:\/\/thepenalawfirm.com\/es\/wp-json\/wp\/v2\/pages\/3177\/revisions\/3867"}],"wp:attachment":[{"href":"https:\/\/thepenalawfirm.com\/es\/wp-json\/wp\/v2\/media?parent=3177"}],"curies":[{"name":"wp","href":"https:\/\/api.w.org\/{rel}","templated":true}]}}