{"id":3557,"date":"2021-03-31T19:49:47","date_gmt":"2021-03-31T23:49:47","guid":{"rendered":"http:\/\/thepenalawfirm.com\/?page_id=3557"},"modified":"2021-03-31T19:49:50","modified_gmt":"2021-03-31T23:49:50","slug":"privacy-policy","status":"publish","type":"page","link":"https:\/\/thepenalawfirm.com\/es\/privacy-policy\/","title":{"rendered":"Pol\u00edtica de Privacidad"},"content":{"rendered":"<h1>Pol\u00edtica de Privacidad<\/h1>\n\n\n\n<p>\u00daltima actualizaci\u00f3n: 31 de marzo de 2021<\/p>\n\n\n\n<p>Esta Pol\u00edtica de privacidad describe Nuestras pol\u00edticas y procedimientos sobre la recopilaci\u00f3n, uso y divulgaci\u00f3n de Su informaci\u00f3n cuando usa el Servicio y le informa sobre Sus derechos de privacidad y c\u00f3mo la ley lo protege.<\/p>\n\n\n\n<p>Usamos sus datos personales para proporcionar y mejorar el servicio. Al utilizar el Servicio, acepta la recopilaci\u00f3n y el uso de informaci\u00f3n de acuerdo con esta Pol\u00edtica de privacidad.<\/p>\n\n\n\n<h1>Interpretaci\u00f3n y Definiciones<\/h1>\n\n\n\n<h2>Interpretaci\u00f3n<\/h2>\n\n\n\n<p>Las palabras cuya letra inicial est\u00e1 en may\u00fascula tienen significados definidos en las siguientes condiciones. Las siguientes definiciones tendr\u00e1n el mismo significado independientemente de que aparezcan en singular o en plural.<\/p>\n\n\n\n<h2>Definiciones<\/h2>\n\n\n\n<p>A los efectos de esta Pol\u00edtica de Privacidad:<\/p>\n\n\n\n<ul><li><strong>Cuenta<\/strong> significa una cuenta \u00fanica creada para que usted acceda a nuestro Servicio o partes de nuestro Servicio.<\/li><li><strong>Empresa<\/strong> (denominado \"la Compa\u00f1\u00eda\", \"Nosotros\", \"Nos\" o \"Nuestro\" en este Acuerdo) se refiere a The Pe\u00f1a Law Firm, P.A., 7950 NW 155th St, Miami Lakes, FL 33016.<\/li><li><strong>Cookies<\/strong> son peque\u00f1os archivos que un sitio web coloca en su computadora, dispositivo m\u00f3vil o cualquier otro dispositivo, que contienen los detalles de su historial de navegaci\u00f3n en ese sitio web, entre sus muchos usos.<\/li><li><strong>Pa\u00eds<\/strong> se refiere a: Florida, Estados Unidos<\/li><li><strong>Dispositivo<\/strong> significa cualquier dispositivo que pueda acceder al Servicio, como una computadora, un tel\u00e9fono celular o una tableta digital.<\/li><li><strong>Informaci\u00f3n Personal<\/strong> es cualquier informaci\u00f3n que se relacione con una persona identificada o identificable.<\/li><li><strong>Servicio<\/strong> se refiere al sitio web.<\/li><li><strong>Proveedor de servicio<\/strong> significa cualquier persona f\u00edsica o jur\u00eddica que procese los datos en nombre de la Compa\u00f1\u00eda. Se refiere a empresas de terceros o personas empleadas por la Compa\u00f1\u00eda para facilitar el Servicio, para proporcionar el Servicio en nombre de la Compa\u00f1\u00eda, para realizar servicios relacionados con el Servicio o para ayudar a la Compa\u00f1\u00eda a analizar c\u00f3mo se utiliza el Servicio.<\/li><li><strong>Servicio de redes sociales de terceros<\/strong> se refiere a cualquier sitio web o sitio web de cualquier red social a trav\u00e9s del cual un Usuario puede iniciar sesi\u00f3n o crear una cuenta para usar el Servicio.<\/li><li><strong>Datos de uso<\/strong> se refiere a los datos recopilados autom\u00e1ticamente, ya sea generados por el uso del Servicio o desde la propia infraestructura del Servicio (por ejemplo, la duraci\u00f3n de una visita a la p\u00e1gina).<\/li><li><strong>Sitio web<\/strong> se refiere a The Pe\u00f1a Law Firm, accesible desde <a href=\"\/es\/thepenalawfirm.com\/\" rel=\"noreferrer noopener\" target=\"_blank\">thepenalawfirm.com<\/a><\/li><li><strong>T\u00fa<\/strong> significa la persona que accede o utiliza el Servicio, o la empresa u otra entidad legal en nombre de la cual dicha persona accede o utiliza el Servicio, seg\u00fan corresponda.<\/li><\/ul>\n\n\n\n<h1>Recopilaci\u00f3n y uso de sus datos personales<\/h1>\n\n\n\n<h2>Tipos de datos recopilados<\/h2>\n\n\n\n<h3>Informaci\u00f3n Personal<\/h3>\n\n\n\n<p>Mientras usamos Nuestro Servicio, podemos pedirle que nos proporcione cierta informaci\u00f3n de identificaci\u00f3n personal que pueda usarse para contactarlo o identificarlo. La informaci\u00f3n de identificaci\u00f3n personal puede incluir, entre otros:<\/p>\n\n\n\n<ul><li>Direcci\u00f3n de correo electr\u00f3nico<\/li><li>Nombre y apellido<\/li><li>N\u00famero de tel\u00e9fono<\/li><li>Datos de uso<\/li><\/ul>\n\n\n\n<h3>Datos de uso<\/h3>\n\n\n\n<p>Los datos de uso se recopilan autom\u00e1ticamente cuando se utiliza el servicio.<\/p>\n\n\n\n<p>Los datos de uso pueden incluir informaci\u00f3n como la direcci\u00f3n del Protocolo de Internet de su dispositivo (por ejemplo, la direcci\u00f3n IP), el tipo de navegador, la versi\u00f3n del navegador, las p\u00e1ginas de nuestro Servicio que visita, la hora y fecha de su visita, el tiempo que pas\u00f3 en esas p\u00e1ginas, el dispositivo \u00fanico identificadores y otros datos de diagn\u00f3stico.<\/p>\n\n\n\n<p>Cuando accede al Servicio a trav\u00e9s de un dispositivo m\u00f3vil, podemos recopilar cierta informaci\u00f3n autom\u00e1ticamente, que incluye, entre otros, el tipo de dispositivo m\u00f3vil que utiliza, la identificaci\u00f3n \u00fanica de su dispositivo m\u00f3vil, la direcci\u00f3n IP de su dispositivo m\u00f3vil, su dispositivo m\u00f3vil sistema operativo, el tipo de navegador de Internet m\u00f3vil que utiliza, identificadores de dispositivo \u00fanicos y otros datos de diagn\u00f3stico.<\/p>\n\n\n\n<p>Tambi\u00e9n podemos recopilar informaci\u00f3n que su navegador env\u00eda cada vez que visita nuestro Servicio o cuando accede al Servicio a trav\u00e9s de un dispositivo m\u00f3vil.<\/p>\n\n\n\n<h3>Tecnolog\u00edas de seguimiento y cookies<\/h3>\n\n\n\n<p>Usamos cookies y tecnolog\u00edas de seguimiento similares para rastrear la actividad en nuestro servicio y almacenar cierta informaci\u00f3n. Las tecnolog\u00edas de seguimiento utilizadas son balizas, etiquetas y scripts para recopilar y rastrear informaci\u00f3n y para mejorar y analizar Nuestro Servicio. Las tecnolog\u00edas que utilizamos pueden incluir:<\/p>\n\n\n\n<ul><li><strong>Cookies o cookies del navegador.<\/strong> Una cookie es un peque\u00f1o archivo que se coloca en su dispositivo. Puede indicarle a su navegador que rechace todas las cookies o que indique cu\u00e1ndo se est\u00e1 enviando una cookie. Sin embargo, si no acepta las cookies, es posible que no pueda utilizar algunas partes de nuestro Servicio. A menos que haya ajustado la configuraci\u00f3n de su navegador para que rechace las cookies, nuestro servicio puede utilizar cookies.<\/li><li><strong>Cookies Flash.<\/strong> Ciertas caracter\u00edsticas de nuestro Servicio pueden usar objetos almacenados localmente (o Cookies Flash) para recopilar y almacenar informaci\u00f3n sobre Sus preferencias o Su actividad en nuestro Servicio. Las cookies de Flash no se administran con la misma configuraci\u00f3n del navegador que las utilizadas para las cookies del navegador. Para obtener m\u00e1s informaci\u00f3n sobre c\u00f3mo puede eliminar las cookies de Flash, lea \"\u00bfD\u00f3nde puedo cambiar la configuraci\u00f3n para deshabilitar o eliminar objetos compartidos locales?\" disponible en <a href=\"https:\/\/helpx.adobe.com\/flash-player\/kb\/disable-local-shared-objects-flash.html#main_Where_can_I_change_the_settings_for_disabling__or_deleting_local_shared_objects_\" rel=\"noreferrer noopener\" target=\"_blank\">https:\/\/helpx.adobe.com\/flash-player\/kb\/disable-local-shared-objects-flash.html#main_Where_can_I_change_the_settings_for_disabling__or_deleting_local_shared_objects_<\/a><\/li><li><strong>Balizas web.<\/strong> Ciertas secciones de nuestro Servicio y nuestros correos electr\u00f3nicos pueden contener peque\u00f1os archivos electr\u00f3nicos conocidos como balizas web (tambi\u00e9n denominados gifs transparentes, etiquetas de p\u00edxeles y gifs de un solo p\u00edxel) que permiten a la Compa\u00f1\u00eda, por ejemplo, contar los usuarios que han visitado esas p\u00e1ginas. o abri\u00f3 un correo electr\u00f3nico y para otras estad\u00edsticas del sitio web relacionadas (por ejemplo, registrar la popularidad de una determinada secci\u00f3n y verificar la integridad del sistema y del servidor).<\/li><\/ul>\n\n\n\n<p>Las cookies pueden ser cookies \"persistentes\" o de \"sesi\u00f3n\". Las cookies persistentes permanecen en su computadora personal o dispositivo m\u00f3vil cuando se desconecta, mientras que las cookies de sesi\u00f3n se eliminan tan pronto como cierra su navegador web. Puede obtener m\u00e1s informaci\u00f3n sobre las cookies aqu\u00ed: <a href=\"https:\/\/www.termsfeed.com\/blog\/cookies\/\" target=\"_blank\" rel=\"noreferrer noopener\">All About Cookies by TermsFeed<\/a>.<\/p>\n\n\n\n<p>Utilizamos cookies de sesi\u00f3n y persistentes para los fines que se establecen a continuaci\u00f3n:<\/p>\n\n\n\n<ul><li><strong>Cookies necesarias \/ esenciales<\/strong> Tipo: Cookies de sesi\u00f3n Administradas por: Nosotros Prop\u00f3sito: Estas Cookies son esenciales para brindarle los servicios disponibles a trav\u00e9s del Sitio web y para permitirle utilizar algunas de sus funciones. Ayudan a autenticar a los usuarios y a prevenir el uso fraudulento de las cuentas de usuario. Sin estas cookies, los servicios que ha solicitado no se pueden proporcionar, y solo usamos estas cookies para brindarle esos servicios.<\/li><li><strong>Pol\u00edtica de cookies \/ Cookies de aceptaci\u00f3n de avisos<\/strong> Tipo: Cookies persistentes Administradas por: Nosotros Prop\u00f3sito: Estas cookies identifican si los usuarios han aceptado el uso de cookies en el sitio web.<\/li><li><strong>Cookies de funcionalidad<\/strong> Tipo: Cookies persistentes Administradas por: Nosotros Prop\u00f3sito: Estas cookies nos permiten recordar las elecciones que realiza cuando utiliza el sitio web, como recordar sus datos de inicio de sesi\u00f3n o preferencia de idioma. El prop\u00f3sito de estas cookies es brindarle una experiencia m\u00e1s personal y evitar que tenga que volver a ingresar sus preferencias cada vez que utiliza el sitio web.<\/li><li><strong>Cookies de seguimiento y rendimiento<\/strong> Tipo: Cookies persistentes Administradas por: Terceros Prop\u00f3sito: Estas cookies se utilizan para rastrear informaci\u00f3n sobre el tr\u00e1fico al sitio web y c\u00f3mo los usuarios usan el sitio web. La informaci\u00f3n recopilada a trav\u00e9s de estas cookies puede identificarlo directa o indirectamente como un visitante individual. Esto se debe a que la informaci\u00f3n recopilada generalmente est\u00e1 vinculada a un identificador seud\u00f3nimo asociado con el dispositivo que utiliza para acceder al sitio web. Tambi\u00e9n podemos utilizar estas cookies para probar nuevas p\u00e1ginas, caracter\u00edsticas o nuevas funciones del sitio web para ver c\u00f3mo reaccionan nuestros usuarios.<\/li><\/ul>\n\n\n\n<p>Para obtener m\u00e1s informaci\u00f3n sobre las cookies que utilizamos y sus opciones con respecto a las cookies, visite nuestra Pol\u00edtica de cookies o la secci\u00f3n de Cookies de nuestra Pol\u00edtica de privacidad.<\/p>\n\n\n\n<h2>Uso de sus datos personales<\/h2>\n\n\n\n<p>La Compa\u00f1\u00eda puede utilizar los Datos Personales para los siguientes prop\u00f3sitos:<\/p>\n\n\n\n<ul><li><strong>Para proporcionar y mantener nuestro Servicio<\/strong>, incluso para monitorear el uso de nuestro Servicio.<\/li><li><strong>Para administrar su cuenta:<\/strong> para gestionar Su registro como usuario del Servicio. Los Datos Personales que proporcione pueden darle acceso a diferentes funcionalidades del Servicio que est\u00e1n disponibles para Usted como usuario registrado.<\/li><li><strong>Para la ejecuci\u00f3n de un contrato:<\/strong> el desarrollo, cumplimiento y ejecuci\u00f3n del contrato de compra de los productos, art\u00edculos o servicios que haya comprado o de cualquier otro contrato con nosotros a trav\u00e9s del Servicio.<\/li><li><strong>To contact You:<\/strong> Para contactarlo por correo electr\u00f3nico, llamadas telef\u00f3nicas, SMS u otras formas equivalentes de comunicaci\u00f3n electr\u00f3nica, como notificaciones push de una aplicaci\u00f3n m\u00f3vil sobre actualizaciones o comunicaciones informativas relacionadas con las funcionalidades, productos o servicios contratados, incluidas las actualizaciones de seguridad, cuando sea necesario o razonable. para su implementaci\u00f3n.<\/li><li><strong>Para proporcionarle<\/strong> con noticias, ofertas especiales e informaci\u00f3n general sobre otros bienes, servicios y eventos que ofrecemos que son similares a los que ya ha comprado o sobre los que ha consultado, a menos que haya optado por no recibir dicha informaci\u00f3n.<\/li><li><strong>Para gestionar sus solicitudes:<\/strong> Para atender y gestionar sus solicitudes.<\/li><li><strong>Para transferencias comerciales:<\/strong> Podemos utilizar su informaci\u00f3n para evaluar o llevar a cabo una fusi\u00f3n, desinversi\u00f3n, reestructuraci\u00f3n, reorganizaci\u00f3n, disoluci\u00f3n u otra venta o transferencia de algunos o todos nuestros activos, ya sea como empresa en marcha o como parte de una quiebra, liquidaci\u00f3n o procedimiento similar. en el que los Datos personales que tenemos sobre los usuarios de nuestro Servicio se encuentran entre los activos transferidos.<\/li><li><strong>Para otros fines<\/strong>: Podemos utilizar su informaci\u00f3n para otros fines, como an\u00e1lisis de datos, identificaci\u00f3n de tendencias de uso, determinaci\u00f3n de la eficacia de nuestras campa\u00f1as promocionales y para evaluar y mejorar nuestro Servicio, productos, servicios, marketing y su experiencia.<\/li><\/ul>\n\n\n\n<p>Podemos compartir su informaci\u00f3n personal en las siguientes situaciones:<\/p>\n\n\n\n<ul><li><strong>Con proveedores de servicios:<\/strong> Podemos compartir su informaci\u00f3n personal con proveedores de servicios para monitorear y analizar el uso de nuestro servicio, para contactarlo.<\/li><li><strong>Para transferencias comerciales:<\/strong> Podemos compartir o transferir Su informaci\u00f3n personal en relaci\u00f3n con, o durante las negociaciones de, cualquier fusi\u00f3n, venta de activos de la Compa\u00f1\u00eda, financiamiento o adquisici\u00f3n de la totalidad o una parte de Nuestro negocio a otra compa\u00f1\u00eda.<\/li><li><strong>Con afiliados:<\/strong> Podemos compartir su informaci\u00f3n con nuestros afiliados, en cuyo caso requeriremos que esos afiliados cumplan con esta Pol\u00edtica de privacidad. Los afiliados incluyen nuestra empresa matriz y cualquier otra subsidiaria, socios de empresas conjuntas u otras empresas que controlemos o que est\u00e9n bajo control com\u00fan con nosotros.<\/li><li><strong>Con socios comerciales:<\/strong> Podemos compartir su informaci\u00f3n con nuestros socios comerciales para ofrecerle ciertos productos, servicios o promociones.<\/li><li><strong>Con otros usuarios:<\/strong> cuando comparte informaci\u00f3n personal o interact\u00faa de otra manera en las \u00e1reas p\u00fablicas con otros usuarios, dicha informaci\u00f3n puede ser vista por todos los usuarios y puede ser distribuida p\u00fablicamente al exterior. Si interact\u00faa con otros usuarios o se registra a trav\u00e9s de un servicio de redes sociales de terceros, sus contactos en el servicio de redes sociales de terceros pueden ver su nombre, perfil, im\u00e1genes y descripci\u00f3n de su actividad. Del mismo modo, otros usuarios podr\u00e1n ver descripciones de su actividad, comunicarse con usted y ver su perfil.<\/li><li><strong>Con tu consentimiento<\/strong>: Podemos divulgar su informaci\u00f3n personal para cualquier otro prop\u00f3sito con su consentimiento.<\/li><\/ul>\n\n\n\n<h2>Conservaci\u00f3n de sus datos personales<\/h2>\n\n\n\n<p>La Compa\u00f1\u00eda retendr\u00e1 sus datos personales solo durante el tiempo que sea necesario para los fines establecidos en esta Pol\u00edtica de privacidad. Retendremos y usaremos sus datos personales en la medida necesaria para cumplir con nuestras obligaciones legales (por ejemplo, si estamos obligados a retener sus datos para cumplir con las leyes aplicables), resolver disputas y hacer cumplir nuestros acuerdos y pol\u00edticas legales.<\/p>\n\n\n\n<p>La Compa\u00f1\u00eda tambi\u00e9n retendr\u00e1 los Datos de uso con fines de an\u00e1lisis interno. Los datos de uso generalmente se conservan durante un per\u00edodo de tiempo m\u00e1s corto, excepto cuando estos datos se utilizan para fortalecer la seguridad o mejorar la funcionalidad de nuestro servicio, o estamos legalmente obligados a conservar estos datos durante per\u00edodos de tiempo m\u00e1s largos.<\/p>\n\n\n\n<h2>Transferencia de sus datos personales<\/h2>\n\n\n\n<p>Su informaci\u00f3n, incluidos los Datos personales, se procesa en las oficinas operativas de la Compa\u00f1\u00eda y en cualquier otro lugar donde se encuentren las partes involucradas en el procesamiento. Significa que esta informaci\u00f3n puede transferirse y mantenerse en computadoras ubicadas fuera de su estado, provincia, pa\u00eds u otra jurisdicci\u00f3n gubernamental donde las leyes de protecci\u00f3n de datos pueden diferir de las de su jurisdicci\u00f3n.<\/p>\n\n\n\n<p>Su consentimiento a esta Pol\u00edtica de privacidad seguido de Su env\u00edo de dicha informaci\u00f3n representa Su acuerdo con esa transferencia.<\/p>\n\n\n\n<p>La Compa\u00f1\u00eda tomar\u00e1 todas las medidas razonablemente necesarias para garantizar que Sus datos sean tratados de forma segura y de acuerdo con esta Pol\u00edtica de Privacidad y no se realizar\u00e1 ninguna transferencia de Sus Datos Personales a una organizaci\u00f3n o pa\u00eds a menos que existan controles adecuados establecidos, incluida la seguridad de Tus datos y otra informaci\u00f3n personal.<\/p>\n\n\n\n<h2>Divulgaci\u00f3n de sus datos personales<\/h2>\n\n\n\n<h3>Transacciones de negocios<\/h3>\n\n\n\n<p>Si la Compa\u00f1\u00eda est\u00e1 involucrada en una fusi\u00f3n, adquisici\u00f3n o venta de activos, sus datos personales pueden ser transferidos. Le avisaremos antes de que sus datos personales se transfieran y est\u00e9n sujetos a una pol\u00edtica de privacidad diferente.<\/p>\n\n\n\n<h3>Cumplimiento de la ley<\/h3>\n\n\n\n<p>En determinadas circunstancias, es posible que la Compa\u00f1\u00eda deba divulgar sus datos personales si as\u00ed lo exige la ley o en respuesta a solicitudes v\u00e1lidas de las autoridades p\u00fablicas (por ejemplo, un tribunal o una agencia gubernamental).<\/p>\n\n\n\n<h3>Otros requisitos legales<\/h3>\n\n\n\n<p>La Compa\u00f1\u00eda puede divulgar sus datos personales si cree de buena fe que dicha acci\u00f3n es necesaria para:<\/p>\n\n\n\n<ul><li>Cumplir con una obligaci\u00f3n legal<\/li><li>Proteger y defender los derechos o propiedad de la Compa\u00f1\u00eda.<\/li><li>Prevenir o investigar posibles irregularidades en relaci\u00f3n con el Servicio.<\/li><li>Proteger la seguridad personal de los Usuarios del Servicio o del p\u00fablico.<\/li><li>Prot\u00e9jase contra la responsabilidad legal.<\/li><\/ul>\n\n\n\n<h2>Seguridad de sus datos personales<\/h2>\n\n\n\n<p>La seguridad de sus datos personales es importante para nosotros, pero recuerde que ning\u00fan m\u00e9todo de transmisi\u00f3n a trav\u00e9s de Internet o m\u00e9todo de almacenamiento electr\u00f3nico es 100% seguro. Si bien nos esforzamos por utilizar medios comercialmente aceptables para proteger sus datos personales, no podemos garantizar su seguridad absoluta.<\/p>\n\n\n\n<h1>Informaci\u00f3n detallada sobre el procesamiento de sus datos personales<\/h1>\n\n\n\n<p>Los proveedores de servicios que utilizamos pueden tener acceso a sus datos personales. Estos proveedores externos recopilan, almacenan, usan, procesan y transfieren informaci\u00f3n sobre Su actividad en Nuestro Servicio de acuerdo con sus Pol\u00edticas de privacidad.<\/p>\n\n\n\n<h2>Anal\u00edtica<\/h2>\n\n\n\n<p>Podemos utilizar proveedores de servicios de terceros para monitorear y analizar el uso de nuestro Servicio.<\/p>\n\n\n\n<ul><li><strong>Google Analytics<\/strong> Google Analytics es un servicio de an\u00e1lisis web ofrecido por Google que rastrea e informa el tr\u00e1fico del sitio web. Google utiliza los datos recopilados para rastrear y monitorear el uso de nuestro Servicio. Estos datos se comparten con otros servicios de Google. Google puede utilizar los datos recopilados para contextualizar y personalizar los anuncios de su propia red publicitaria. Puede optar por no haber puesto su actividad en el Servicio a disposici\u00f3n de Google Analytics instalando el complemento de inhabilitaci\u00f3n del navegador de Google Analytics. El complemento evita que el JavaScript de Google Analytics (ga.js, analytics.js y dc.js) comparta informaci\u00f3n con Google Analytics sobre la actividad de las visitas. Para obtener m\u00e1s informaci\u00f3n sobre las pr\u00e1cticas de privacidad de Google, visite la p\u00e1gina web Privacidad y condiciones de Google: <a href=\"https:\/\/policies.google.com\/privacy\" rel=\"noreferrer noopener\" target=\"_blank\">https:\/\/policies.google.com\/privacy<\/a><\/li><\/ul>\n\n\n\n<h2>Uso, rendimiento y varios<\/h2>\n\n\n\n<p>Podemos utilizar proveedores de servicios de terceros para proporcionar una mejor mejora de nuestro servicio.<\/p>\n\n\n\n<ul><li><strong>ReCAPTCHA invisible<\/strong> Usamos un servicio de captcha invisible llamado reCAPTCHA. reCAPTCHA es operado por Google. El servicio reCAPTCHA puede recopilar informaci\u00f3n de usted y de su dispositivo por motivos de seguridad. La informaci\u00f3n recopilada por reCAPTCHA se mantiene de acuerdo con la Pol\u00edtica de privacidad de Google: <a href=\"https:\/\/www.google.com\/intl\/en\/policies\/privacy\/\" rel=\"noreferrer noopener\" target=\"_blank\">https:\/\/www.google.com\/intl\/en\/policies\/privacy\/<\/a><\/li><li><strong>Google Places<\/strong> Google Places es un servicio que devuelve informaci\u00f3n sobre lugares mediante solicitudes HTTP. Es operado por Google El servicio Google Places puede recopilar informaci\u00f3n suya y de su dispositivo por motivos de seguridad. La informaci\u00f3n recopilada por Google Places se mantiene de acuerdo con la Pol\u00edtica de privacidad de Google: <a href=\"https:\/\/www.google.com\/intl\/en\/policies\/privacy\/\" rel=\"noreferrer noopener\" target=\"_blank\">https:\/\/www.google.com\/intl\/en\/policies\/privacy\/<\/a><\/li><\/ul>\n\n\n\n<h1>Privacidad de los ni\u00f1os<\/h1>\n\n\n\n<p>Nuestro Servicio no se dirige a ninguna persona menor de 13 a\u00f1os. No recopilamos a sabiendas informaci\u00f3n de identificaci\u00f3n personal de ninguna persona menor de 13 a\u00f1os. Si usted es padre o tutor y sabe que su hijo nos ha proporcionado datos personales, por favor Cont\u00e1ctenos. Si nos damos cuenta de que hemos recopilado Datos personales de cualquier persona menor de 13 a\u00f1os sin verificaci\u00f3n del consentimiento de los padres, tomamos medidas para eliminar esa informaci\u00f3n de Nuestros servidores.<\/p>\n\n\n\n<p>Si necesitamos depender del consentimiento como base legal para procesar su informaci\u00f3n y su pa\u00eds requiere el consentimiento de uno de los padres, es posible que necesitemos el consentimiento de sus padres antes de recopilar y utilizar esa informaci\u00f3n.<\/p>\n\n\n\n<h1>Enlaces a otros sitios web<\/h1>\n\n\n\n<p>Nuestro Servicio puede contener enlaces a otros sitios web que no son operados por Nosotros. Si hace clic en el enlace de un tercero, se lo dirigir\u00e1 al sitio de ese tercero. Le recomendamos encarecidamente que revise la Pol\u00edtica de privacidad de cada sitio que visite.<\/p>\n\n\n\n<p>No tenemos control ni asumimos ninguna responsabilidad por el contenido, las pol\u00edticas de privacidad o las pr\u00e1cticas de sitios o servicios de terceros.<\/p>\n\n\n\n<h1>Cambios a esta pol\u00edtica de privacidad<\/h1>\n\n\n\n<p>Es posible que actualicemos nuestra Pol\u00edtica de privacidad de vez en cuando. Le notificaremos de cualquier cambio publicando la nueva Pol\u00edtica de privacidad en esta p\u00e1gina.<\/p>\n\n\n\n<p>Le informaremos por correo electr\u00f3nico y \/ o un aviso destacado en Nuestro Servicio, antes de que el cambio entre en vigencia y actualizaremos la fecha de \"\u00daltima actualizaci\u00f3n\" en la parte superior de esta Pol\u00edtica de privacidad.<\/p>\n\n\n\n<p>Se le recomienda que revise esta Pol\u00edtica de privacidad peri\u00f3dicamente para ver si hay cambios. Los cambios a esta Pol\u00edtica de privacidad entran en vigencia cuando se publican en esta p\u00e1gina.<\/p>\n\n\n\n<h1>Contacta con nosotros<\/h1>\n\n\n\n<p>Si tiene alguna pregunta sobre esta Pol\u00edtica de privacidad, puede contactarnos:<\/p>\n\n\n\n<ul><li>Por correo electr\u00f3nico: Terri@ThePenaLawFirm.com<\/li><li>Al visitar esta p\u00e1gina en nuestro sitio web: <a rel=\"noreferrer noopener\" href=\"https:\/\/thepenalawfirm.com\/es\/contact\/\" target=\"_blank\">http:\/\/thepenalawfirm.com\/contact\/<\/a><\/li><li>Por tel\u00e9fono: (305) 231-9933<\/li><li>Por correo: 7950 NW 155th St. Suite # 201, Miami Lakes, FL 33016<\/li><\/ul>\n\n\n\n<p><\/p>","protected":false},"excerpt":{"rendered":"<p>Privacy Policy Last updated: March 31, 2021 This Privacy Policy describes Our policies and procedures on the collection, use and disclosure of Your information when You use the Service and tells You about Your privacy rights and how the law protects You. We use Your Personal data to provide and improve the Service. By using [&hellip;]<\/p>","protected":false},"author":1,"featured_media":0,"parent":0,"menu_order":0,"comment_status":"closed","ping_status":"closed","template":"","meta":{"_mi_skip_tracking":false,"_monsterinsights_sitenote_active":false,"_monsterinsights_sitenote_note":"","_monsterinsights_sitenote_category":0},"_links":{"self":[{"href":"https:\/\/thepenalawfirm.com\/es\/wp-json\/wp\/v2\/pages\/3557"}],"collection":[{"href":"https:\/\/thepenalawfirm.com\/es\/wp-json\/wp\/v2\/pages"}],"about":[{"href":"https:\/\/thepenalawfirm.com\/es\/wp-json\/wp\/v2\/types\/page"}],"author":[{"embeddable":true,"href":"https:\/\/thepenalawfirm.com\/es\/wp-json\/wp\/v2\/users\/1"}],"replies":[{"embeddable":true,"href":"https:\/\/thepenalawfirm.com\/es\/wp-json\/wp\/v2\/comments?post=3557"}],"version-history":[{"count":2,"href":"https:\/\/thepenalawfirm.com\/es\/wp-json\/wp\/v2\/pages\/3557\/revisions"}],"predecessor-version":[{"id":3559,"href":"https:\/\/thepenalawfirm.com\/es\/wp-json\/wp\/v2\/pages\/3557\/revisions\/3559"}],"wp:attachment":[{"href":"https:\/\/thepenalawfirm.com\/es\/wp-json\/wp\/v2\/media?parent=3557"}],"curies":[{"name":"wp","href":"https:\/\/api.w.org\/{rel}","templated":true}]}}