{"id":3782,"date":"2023-01-23T21:30:43","date_gmt":"2023-01-24T02:30:43","guid":{"rendered":"https:\/\/thepenalawfirm.com\/?page_id=3782"},"modified":"2023-01-24T20:25:23","modified_gmt":"2023-01-25T01:25:23","slug":"truck-accident","status":"publish","type":"page","link":"https:\/\/thepenalawfirm.com\/es\/truck-accident\/","title":{"rendered":"Accidente de Cami\u00f3n"},"content":{"rendered":"<h1 class=\"has-text-align-center\"><strong>Accidente de Cami\u00f3n<\/strong><\/h1>\r\n<p><img loading=\"lazy\" class=\"aligncenter wp-image-3796 size-full\" src=\"https:\/\/thepenalawfirm.com\/wp-content\/uploads\/2023\/01\/BLUE-TRUCK-ACCIDENT-STRIP.png\" alt=\"Track Accident The Pe\u00f1a Law Firm\" width=\"1920\" height=\"324\" srcset=\"https:\/\/thepenalawfirm.com\/wp-content\/uploads\/2023\/01\/BLUE-TRUCK-ACCIDENT-STRIP.png 1920w, https:\/\/thepenalawfirm.com\/wp-content\/uploads\/2023\/01\/BLUE-TRUCK-ACCIDENT-STRIP-300x51.png 300w, https:\/\/thepenalawfirm.com\/wp-content\/uploads\/2023\/01\/BLUE-TRUCK-ACCIDENT-STRIP-1024x173.png 1024w, https:\/\/thepenalawfirm.com\/wp-content\/uploads\/2023\/01\/BLUE-TRUCK-ACCIDENT-STRIP-1536x259.png 1536w, https:\/\/thepenalawfirm.com\/wp-content\/uploads\/2023\/01\/BLUE-TRUCK-ACCIDENT-STRIP-18x3.png 18w\" sizes=\"(max-width: 1920px) 100vw, 1920px\" \/> Los accidentes automovil\u00edsticos y los accidentes de camiones pueden provocar lesiones graves y da\u00f1os extensos a la propiedad. Pero cuando se trata de responsabilidad y probar un reclamo por lesiones personales, son tan diferentes como la noche y el d\u00eda.  En The Pe\u00f1a Law Firm, podemos ayudarlo a obtener la m\u00e1xima compensaci\u00f3n para su caso.<\/p>\r\n<div>\r\n<p class=\"yiv1368053813msonormal\">La industria de camiones se rige por el departamento de transporte, y hay una gran cantidad de reglas y regulaciones muy espec\u00edficas que deben seguirse. La industria de camiones tambi\u00e9n requiere una enorme cantidad de documentaci\u00f3n que debe ser guardada por la compa\u00f1\u00eda de camiones. Cuando hay un choque, la cantidad de evidencia que se debe recopilar es abrumadora. Es por eso que una firma con un s\u00f3lido personal de apoyo y testigos expertos es clave para ganar su caso.<\/p>\r\n<\/div>\r\n<div>\r\n<p class=\"yiv1368053813msonormal\">Aqu\u00ed en The Pe\u00f1a Law Firm, contratamos equipos de reconstrucci\u00f3n de accidentes para examinar todo el volumen de informaci\u00f3n que producen estos accidentes de camiones para poder probar el caso en su contra. La falta de documentaci\u00f3n y \/ o las reglas \/ regulaciones rotas por parte de la compa\u00f1\u00eda de camiones pueden fortalecer su caso.  A menudo, la presi\u00f3n por las ganancias har\u00e1 que las compa\u00f1\u00edas de camiones mantengan a sus conductores en la carretera m\u00e1s tiempo del que permite la ley, lo que resulta en accidentes tr\u00e1gicos en las carreteras.  Esperamos que se mantenga alejado de este peligro, pero en caso de que usted o un ser querido resulte lesionado en un accidente que involucre un cami\u00f3n comercial, estamos aqu\u00ed para ayudarlo.<\/p>\r\n<\/div>\r\n<div>\r\n<p class=\"yiv1368053813msonormal\">Para una representaci\u00f3n legal integral, profesional y efectiva, llame a The Pe\u00f1a Law Firm.<\/p>\r\n<\/div>\r\n<h2 class=\"has-text-align-center translation-block\"><strong>Obtenga una consulta <span style=\"text-decoration: underline\"> GRATUITA<\/span><\/strong><\/h2>\r\n<!-- \/wp:heading -->\r\n\r\n<!-- wp:paragraph -->\r\n<div class=\"wpcf7 no-js\" id=\"wpcf7-f3106-o1\" lang=\"en-US\" dir=\"ltr\">\n<div class=\"screen-reader-response\"><p role=\"status\" aria-live=\"polite\" aria-atomic=\"true\"><\/p> <ul><\/ul><\/div>\n<form action=\"\/es\/wp-json\/wp\/v2\/pages\/3782#wpcf7-f3106-o1\" method=\"post\" class=\"wpcf7-form init\" aria-label=\"Contact form\" novalidate=\"novalidate\" data-status=\"init\" data-trp-original-action=\"\/es\/wp-json\/wp\/v2\/pages\/3782#wpcf7-f3106-o1\">\n<div style=\"display: none;\">\n<input type=\"hidden\" name=\"_wpcf7\" value=\"3106\" \/>\n<input type=\"hidden\" name=\"_wpcf7_version\" value=\"5.7.2\" \/>\n<input type=\"hidden\" name=\"_wpcf7_locale\" value=\"en_US\" \/>\n<input type=\"hidden\" name=\"_wpcf7_unit_tag\" value=\"wpcf7-f3106-o1\" \/>\n<input type=\"hidden\" name=\"_wpcf7_container_post\" value=\"0\" \/>\n<input type=\"hidden\" name=\"_wpcf7_posted_data_hash\" value=\"\" \/>\n<input type=\"hidden\" name=\"_wpcf7_recaptcha_response\" value=\"\" \/>\n<\/div>\n<div class=\"contact-form-area\">\n\t<h2>\n\t<\/h2>\n\t<div class=\"col-sm-12\">\n\t\t<div class=\"form-group\">\n\t\t\t<p><label>Nombre : <\/label><span class=\"wpcf7-form-control-wrap\" data-name=\"name-604\"><input size=\"40\" class=\"wpcf7-form-control wpcf7-text wpcf7-validates-as-required form-control\" aria-required=\"true\" aria-invalid=\"false\" value=\"\" type=\"text\" name=\"name-604\" \/><\/span>\n\t\t\t<\/p>\n\t\t<\/div>\n\t<\/div>\n\t<div class=\"col-sm-12\">\n\t\t<div class=\"form-group\">\n\t\t\t<p><label>E-mail : <\/label><br \/>\n<span class=\"wpcf7-form-control-wrap\" data-name=\"email-179\"><input size=\"40\" class=\"wpcf7-form-control wpcf7-text wpcf7-email wpcf7-validates-as-required wpcf7-validates-as-email form-control\" aria-required=\"true\" aria-invalid=\"false\" value=\"\" type=\"email\" name=\"email-179\" \/><\/span>\n\t\t\t<\/p>\n\t\t<\/div>\n\t<\/div>\n\t<div class=\"col-sm-12\">\n\t\t<div class=\"form-group\">\n\t\t\t<p><label>Tel\u00e9fono : <\/label><br \/>\n<span class=\"wpcf7-form-control-wrap\" data-name=\"tel-131\"><input size=\"40\" class=\"wpcf7-form-control wpcf7-text wpcf7-tel wpcf7-validates-as-required wpcf7-validates-as-tel form-control\" aria-required=\"true\" aria-invalid=\"false\" value=\"\" type=\"tel\" name=\"tel-131\" \/><\/span>\n\t\t\t<\/p>\n\t\t<\/div>\n\t<\/div>\n\t<div class=\"col-sm-12\">\n\t\t<div class=\"form-group\">\n\t\t\t<p><label>Pr\u00e1ctica De Ley* <\/label><br \/>\n<span class=\"wpcf7-form-control-wrap\" data-name=\"menu-697\"><select class=\"wpcf7-form-control wpcf7-select\" aria-invalid=\"false\" name=\"menu-697\"><option value=\"\">&#8212;Please choose an option&#8212;<\/option><option value=\"Car Accident\">Accidente de Auto<\/option><option value=\"Truck Accident\">Accidente de Cami\u00f3n<\/option><option value=\"Boating Accident\">Accidente de Barco<\/option><option value=\"Slip &amp; Fall\">Resbal\u00f3n y Ca\u00edda<\/option><option value=\"Wrongful Death\">Muerte Injusta<\/option><option value=\"Negligence\">NEGLIGENCIA<\/option><option value=\"Storm Claim\">Reclamo de Tormenta<\/option><\/select><\/span>\n\t\t\t<\/p>\n\t\t<\/div>\n\t<\/div>\n\t<div class=\"col-sm-12\">\n\t\t<div class=\"form-group\">\n\t\t\t<p><label>Mensaje: <\/label><br \/>\n<span class=\"wpcf7-form-control-wrap\" data-name=\"textarea-346\"><textarea cols=\"40\" rows=\"10\" class=\"wpcf7-form-control wpcf7-textarea wpcf7-validates-as-required form-control\" aria-required=\"true\" aria-invalid=\"false\" name=\"textarea-346\"><\/textarea><\/span>\n\t\t\t<\/p>\n\t\t<\/div>\n\t<\/div>\n\t<div class=\"col-sm-12\">\n\t\t<div class=\"form-group\">\n\t\t\t<p><input class=\"wpcf7-form-control has-spinner wpcf7-submit btn-send submit-button\" type=\"submit\" value=\"ENVIAR\" \/>\n\t\t\t<\/p>\n\t\t<\/div>\n\t<\/div>\n<\/div><p style=\"display: none !important;\"><label>&#916;<textarea name=\"_wpcf7_ak_hp_textarea\" cols=\"45\" rows=\"8\" maxlength=\"100\"><\/textarea><\/label><input type=\"hidden\" id=\"ak_js_1\" name=\"_wpcf7_ak_js\" value=\"142\"\/><script>document.getElementById( \"ak_js_1\" ).setAttribute( \"value\", ( new Date() ).getTime() );<\/script><\/p><div class=\"wpcf7-response-output\" aria-hidden=\"true\"><\/div><input type=\"hidden\" name=\"trp-form-language\" value=\"es\"\/><\/form><\/div>","protected":false},"excerpt":{"rendered":"<p>Truck Accident Car accidents and truck accidents can both lead to serious injury and extensive property damage. But when it comes to liability, and proving a personal injury claim, they are as different as night and day. \u00a0At The Pe\u00f1a Law Firm, we can assist you in obtaining the maximum compensation for your case. The [&hellip;]<\/p>","protected":false},"author":1,"featured_media":0,"parent":0,"menu_order":0,"comment_status":"closed","ping_status":"closed","template":"","meta":{"_mi_skip_tracking":false,"_monsterinsights_sitenote_active":false,"_monsterinsights_sitenote_note":"","_monsterinsights_sitenote_category":0},"_links":{"self":[{"href":"https:\/\/thepenalawfirm.com\/es\/wp-json\/wp\/v2\/pages\/3782"}],"collection":[{"href":"https:\/\/thepenalawfirm.com\/es\/wp-json\/wp\/v2\/pages"}],"about":[{"href":"https:\/\/thepenalawfirm.com\/es\/wp-json\/wp\/v2\/types\/page"}],"author":[{"embeddable":true,"href":"https:\/\/thepenalawfirm.com\/es\/wp-json\/wp\/v2\/users\/1"}],"replies":[{"embeddable":true,"href":"https:\/\/thepenalawfirm.com\/es\/wp-json\/wp\/v2\/comments?post=3782"}],"version-history":[{"count":4,"href":"https:\/\/thepenalawfirm.com\/es\/wp-json\/wp\/v2\/pages\/3782\/revisions"}],"predecessor-version":[{"id":3809,"href":"https:\/\/thepenalawfirm.com\/es\/wp-json\/wp\/v2\/pages\/3782\/revisions\/3809"}],"wp:attachment":[{"href":"https:\/\/thepenalawfirm.com\/es\/wp-json\/wp\/v2\/media?parent=3782"}],"curies":[{"name":"wp","href":"https:\/\/api.w.org\/{rel}","templated":true}]}}