{"id":3789,"date":"2023-01-23T21:44:26","date_gmt":"2023-01-24T02:44:26","guid":{"rendered":"https:\/\/thepenalawfirm.com\/?page_id=3789"},"modified":"2023-01-24T20:27:56","modified_gmt":"2023-01-25T01:27:56","slug":"boating-and-jet-ski-accident","status":"publish","type":"page","link":"https:\/\/thepenalawfirm.com\/es\/boating-and-jet-ski-accident\/","title":{"rendered":"Accidente de Barco"},"content":{"rendered":"<h1 class=\"has-text-align-center\"><strong>Accidente de Barco y Jet Ski<\/strong><\/h1>\r\n<p><img loading=\"lazy\" class=\"aligncenter wp-image-3798 size-full\" src=\"https:\/\/thepenalawfirm.com\/wp-content\/uploads\/2023\/01\/BLUE-BOATING-ACCIDENT-STRIP.png\" alt=\"Boating Accident The Pe\u00f1a Law Firm\" width=\"1920\" height=\"324\" srcset=\"https:\/\/thepenalawfirm.com\/wp-content\/uploads\/2023\/01\/BLUE-BOATING-ACCIDENT-STRIP.png 1920w, https:\/\/thepenalawfirm.com\/wp-content\/uploads\/2023\/01\/BLUE-BOATING-ACCIDENT-STRIP-300x51.png 300w, https:\/\/thepenalawfirm.com\/wp-content\/uploads\/2023\/01\/BLUE-BOATING-ACCIDENT-STRIP-1024x173.png 1024w, https:\/\/thepenalawfirm.com\/wp-content\/uploads\/2023\/01\/BLUE-BOATING-ACCIDENT-STRIP-1536x259.png 1536w, https:\/\/thepenalawfirm.com\/wp-content\/uploads\/2023\/01\/BLUE-BOATING-ACCIDENT-STRIP-18x3.png 18w\" sizes=\"(max-width: 1920px) 100vw, 1920px\" \/> Una de las ventajas de vivir en el sur de Florida es la accesibilidad a los barcos y motos acu\u00e1ticas. Al igual que con cualquier forma de transporte, se trata de los peligros que plantea la negligencia o imprudencia de otros navegantes u operadores de motos acu\u00e1ticas. En The Pe\u00f1a Law Firm, somos una firma de lesiones personales que maneja accidentes de navegaci\u00f3n, motos acu\u00e1ticas y otras embarcaciones.  Conducir cualquier veh\u00edculo puede ser peligroso, pero un accidente en el agua conlleva un riesgo adicional de ahogamiento. En Florida, puede presentar un reclamo por lesiones personales o una demanda contra la parte que caus\u00f3 su accidente de navegaci\u00f3n. Hay muchas maneras en que puede ocurrir un accidente de barco, incluyendo:<\/p>\r\n<ul>\r\n<li>Operar un bote o embarcaci\u00f3n en estado de ebriedad;<\/li>\r\n<li>No mantener adecuadamente su bote o embarcaci\u00f3n;<\/li>\r\n<li>No obedecer las normas b\u00e1sicas de tr\u00e1fico y los marcadores de canal;<\/li>\r\n<li>Sobrecargar el bote o embarcaci\u00f3n;<\/li>\r\n<li>Exceso de velocidad a trav\u00e9s de v\u00edas fluviales reguladas por velocidad;<\/li>\r\n<li>No cumplir con las advertencias meteorol\u00f3gicas y otras advertencias de peligro;<\/li>\r\n<li>Chocar contra otro bote o embarcaci\u00f3n; y<\/li>\r\n<li>Chocar contra rocas u otras formaciones terrestres.<\/li>\r\n<\/ul>\r\n<p>Debido a estas diferentes circunstancias, el grupo de posibles personas lesionadas puede incluir pasajeros, miembros de la tripulaci\u00f3n o cualquier persona dentro del alcance cercano del bote o embarcaci\u00f3n. Estas personas pueden experimentar algunas lesiones graves:<\/p>\r\n<ul>\r\n<li>Lesiones de la columna vertebral;<\/li>\r\n<li>Traumatismo craneoencef\u00e1lico;<\/li>\r\n<li>Par\u00e1lisis;<\/li>\r\n<li>Muerte por negligencia;<\/li>\r\n<li>Fracturas;<\/li>\r\n<li>Esguinces; y<\/li>\r\n<li>Huesos rotos.<\/li>\r\n<\/ul>\r\n<p>Si ha estado involucrado en un accidente de navegaci\u00f3n, moto acu\u00e1tica u otra embarcaci\u00f3n y no ha recibido atenci\u00f3n m\u00e9dica, recuerde que su salud y seguridad deben ser lo primero. Lo que se cree que es una lesi\u00f3n menor podr\u00eda volverse m\u00e1s grave si no se trata. A diferencia del seguro de autom\u00f3vil, Florida no requiere seguro de navegaci\u00f3n, aunque aquellos que operan botes, motos acu\u00e1ticas u otras embarcaciones pueden comprar un seguro de responsabilidad civil para cubrir cualquier da\u00f1o que hayan causado a otros. Dependiendo de si el operador del barco tiene o no un seguro de barco, determina c\u00f3mo obtener una compensaci\u00f3n. Para tener un reclamo v\u00e1lido contra el propietario de un barco culpable, la persona lesionada debe poder probar que \u00e9l o ella se lesion\u00f3 debido a la negligencia del navegante culpable. Si el propietario del barco culpable ten\u00eda seguro, la persona lesionada presentar\u00eda su reclamo a esa compa\u00f1\u00eda de seguros. Para tener un reclamo exitoso de accidente de barco, debe establecer negligencia, que tiene cuatro factores.<\/p>\r\n<ol>\r\n<li>Deber de cuidado para los operadores de embarcaciones, motos acu\u00e1ticas u otras embarcaciones.\r\n<ul>\r\n<li>Los navegantes deben a otros en el agua el deber de cuidar de operar su bote o embarcaciones con cuidado y mantenerlo para garantizar su seguridad en la operaci\u00f3n.<\/li>\r\n<\/ul>\r\n<\/li>\r\n<li>Se viol\u00f3 el deber de cuidado.\r\n<ul>\r\n<li>Su reclamo debe demostrar que el operador del barco viol\u00f3 su deber, ya sea al operar un bote bajo la influencia, hablar por tel\u00e9fono, operaci\u00f3n imprudente, mantenimiento deficiente o defectos en el bote que causaron el accidente.<\/li>\r\n<\/ul>\r\n<\/li>\r\n<li>La negligencia fue la causa de sus lesiones.\r\n<ul>\r\n<li>Su reclamo debe demostrar que si no hubiera sido por las acciones negligentes o el mantenimiento del operador del barco, no se habr\u00eda lesionado.<\/li>\r\n<\/ul>\r\n<\/li>\r\n<li>Usted ha sufrido da\u00f1os como resultado.\r\n<ul>\r\n<li>Debido al incidente, debe demostrar que sufri\u00f3 da\u00f1os como lesiones f\u00edsicas, gastos m\u00e9dicos o angustia emocional.<\/li>\r\n<\/ul>\r\n<\/li>\r\n<\/ol>\r\n<p>En The Pe\u00f1a Law Firm, sabemos c\u00f3mo manejar un reclamo por lesiones personales para obtener una compensaci\u00f3n por su dolor y sufrimiento, incluidas las facturas m\u00e9dicas, salarios perdidos u otros da\u00f1os. Creemos que no debe estar presionado financieramente debido a un acuerdo inadecuado, por lo que debe hablar con nosotros antes de aceptar una oferta. Sabemos c\u00f3mo construir su reclamo y presentar el valor de sus da\u00f1os. Sabemos c\u00f3mo navegar a trav\u00e9s del papeleo de la compa\u00f1\u00eda de seguros y comunicarnos con ellos en su nombre para negociar un acuerdo justo. Si el acuerdo no es satisfactorio, iremos a la corte para obtener una compensaci\u00f3n justa.<\/p>\r\n<h2 class=\"has-text-align-center translation-block\"><strong>Obtenga una consulta <span style=\"text-decoration: underline\"> GRATUITA<\/span><\/strong><\/h2>\r\n<!-- \/wp:heading -->\r\n\r\n<!-- wp:paragraph -->\r\n<div class=\"wpcf7 no-js\" id=\"wpcf7-f3106-o1\" lang=\"en-US\" dir=\"ltr\">\n<div class=\"screen-reader-response\"><p role=\"status\" aria-live=\"polite\" aria-atomic=\"true\"><\/p> <ul><\/ul><\/div>\n<form action=\"\/es\/wp-json\/wp\/v2\/pages\/3789#wpcf7-f3106-o1\" method=\"post\" class=\"wpcf7-form init\" aria-label=\"Contact form\" novalidate=\"novalidate\" data-status=\"init\" data-trp-original-action=\"\/es\/wp-json\/wp\/v2\/pages\/3789#wpcf7-f3106-o1\">\n<div style=\"display: none;\">\n<input type=\"hidden\" name=\"_wpcf7\" value=\"3106\" \/>\n<input type=\"hidden\" name=\"_wpcf7_version\" value=\"5.7.2\" \/>\n<input type=\"hidden\" name=\"_wpcf7_locale\" value=\"en_US\" \/>\n<input type=\"hidden\" name=\"_wpcf7_unit_tag\" value=\"wpcf7-f3106-o1\" \/>\n<input type=\"hidden\" name=\"_wpcf7_container_post\" value=\"0\" \/>\n<input type=\"hidden\" name=\"_wpcf7_posted_data_hash\" value=\"\" \/>\n<input type=\"hidden\" name=\"_wpcf7_recaptcha_response\" value=\"\" \/>\n<\/div>\n<div class=\"contact-form-area\">\n\t<h2>\n\t<\/h2>\n\t<div class=\"col-sm-12\">\n\t\t<div class=\"form-group\">\n\t\t\t<p><label>Nombre : <\/label><span class=\"wpcf7-form-control-wrap\" data-name=\"name-604\"><input size=\"40\" class=\"wpcf7-form-control wpcf7-text wpcf7-validates-as-required form-control\" aria-required=\"true\" aria-invalid=\"false\" value=\"\" type=\"text\" name=\"name-604\" \/><\/span>\n\t\t\t<\/p>\n\t\t<\/div>\n\t<\/div>\n\t<div class=\"col-sm-12\">\n\t\t<div class=\"form-group\">\n\t\t\t<p><label>E-mail : <\/label><br \/>\n<span class=\"wpcf7-form-control-wrap\" data-name=\"email-179\"><input size=\"40\" class=\"wpcf7-form-control wpcf7-text wpcf7-email wpcf7-validates-as-required wpcf7-validates-as-email form-control\" aria-required=\"true\" aria-invalid=\"false\" value=\"\" type=\"email\" name=\"email-179\" \/><\/span>\n\t\t\t<\/p>\n\t\t<\/div>\n\t<\/div>\n\t<div class=\"col-sm-12\">\n\t\t<div class=\"form-group\">\n\t\t\t<p><label>Tel\u00e9fono : <\/label><br \/>\n<span class=\"wpcf7-form-control-wrap\" data-name=\"tel-131\"><input size=\"40\" class=\"wpcf7-form-control wpcf7-text wpcf7-tel wpcf7-validates-as-required wpcf7-validates-as-tel form-control\" aria-required=\"true\" aria-invalid=\"false\" value=\"\" type=\"tel\" name=\"tel-131\" \/><\/span>\n\t\t\t<\/p>\n\t\t<\/div>\n\t<\/div>\n\t<div class=\"col-sm-12\">\n\t\t<div class=\"form-group\">\n\t\t\t<p><label>Pr\u00e1ctica De Ley* <\/label><br \/>\n<span class=\"wpcf7-form-control-wrap\" data-name=\"menu-697\"><select class=\"wpcf7-form-control wpcf7-select\" aria-invalid=\"false\" name=\"menu-697\"><option value=\"\">&#8212;Please choose an option&#8212;<\/option><option value=\"Car Accident\">Accidente de Auto<\/option><option value=\"Truck Accident\">Accidente de Cami\u00f3n<\/option><option value=\"Boating Accident\">Accidente de Barco<\/option><option value=\"Slip &amp; Fall\">Resbal\u00f3n y Ca\u00edda<\/option><option value=\"Wrongful Death\">Muerte Injusta<\/option><option value=\"Negligence\">NEGLIGENCIA<\/option><option value=\"Storm Claim\">Reclamo de Tormenta<\/option><\/select><\/span>\n\t\t\t<\/p>\n\t\t<\/div>\n\t<\/div>\n\t<div class=\"col-sm-12\">\n\t\t<div class=\"form-group\">\n\t\t\t<p><label>Mensaje: <\/label><br \/>\n<span class=\"wpcf7-form-control-wrap\" data-name=\"textarea-346\"><textarea cols=\"40\" rows=\"10\" class=\"wpcf7-form-control wpcf7-textarea wpcf7-validates-as-required form-control\" aria-required=\"true\" aria-invalid=\"false\" name=\"textarea-346\"><\/textarea><\/span>\n\t\t\t<\/p>\n\t\t<\/div>\n\t<\/div>\n\t<div class=\"col-sm-12\">\n\t\t<div class=\"form-group\">\n\t\t\t<p><input class=\"wpcf7-form-control has-spinner wpcf7-submit btn-send submit-button\" type=\"submit\" value=\"ENVIAR\" \/>\n\t\t\t<\/p>\n\t\t<\/div>\n\t<\/div>\n<\/div><p style=\"display: none !important;\"><label>&#916;<textarea name=\"_wpcf7_ak_hp_textarea\" cols=\"45\" rows=\"8\" maxlength=\"100\"><\/textarea><\/label><input type=\"hidden\" id=\"ak_js_1\" name=\"_wpcf7_ak_js\" value=\"237\"\/><script>document.getElementById( \"ak_js_1\" ).setAttribute( \"value\", ( new Date() ).getTime() );<\/script><\/p><div class=\"wpcf7-response-output\" aria-hidden=\"true\"><\/div><input type=\"hidden\" name=\"trp-form-language\" value=\"es\"\/><\/form><\/div>","protected":false},"excerpt":{"rendered":"<p>Boating &amp; Jet Ski Accident One of the perks of living in southern Florida is accessibility to boats and jet skis. As with any form of transportation, comes to the dangers posed by the negligence or recklessness of other boaters or jet ski operators. At the Pe\u00f1a Law Firm, we are a personal injury firm [&hellip;]<\/p>","protected":false},"author":1,"featured_media":0,"parent":0,"menu_order":0,"comment_status":"closed","ping_status":"closed","template":"","meta":{"_mi_skip_tracking":false,"_monsterinsights_sitenote_active":false,"_monsterinsights_sitenote_note":"","_monsterinsights_sitenote_category":0},"_links":{"self":[{"href":"https:\/\/thepenalawfirm.com\/es\/wp-json\/wp\/v2\/pages\/3789"}],"collection":[{"href":"https:\/\/thepenalawfirm.com\/es\/wp-json\/wp\/v2\/pages"}],"about":[{"href":"https:\/\/thepenalawfirm.com\/es\/wp-json\/wp\/v2\/types\/page"}],"author":[{"embeddable":true,"href":"https:\/\/thepenalawfirm.com\/es\/wp-json\/wp\/v2\/users\/1"}],"replies":[{"embeddable":true,"href":"https:\/\/thepenalawfirm.com\/es\/wp-json\/wp\/v2\/comments?post=3789"}],"version-history":[{"count":4,"href":"https:\/\/thepenalawfirm.com\/es\/wp-json\/wp\/v2\/pages\/3789\/revisions"}],"predecessor-version":[{"id":3811,"href":"https:\/\/thepenalawfirm.com\/es\/wp-json\/wp\/v2\/pages\/3789\/revisions\/3811"}],"wp:attachment":[{"href":"https:\/\/thepenalawfirm.com\/es\/wp-json\/wp\/v2\/media?parent=3789"}],"curies":[{"name":"wp","href":"https:\/\/api.w.org\/{rel}","templated":true}]}}